{"id":512,"date":"2024-03-04T13:42:40","date_gmt":"2024-03-04T11:42:40","guid":{"rendered":"https:\/\/vladislavkudr.wordpress.com\/?page_id=512"},"modified":"2024-10-14T06:40:00","modified_gmt":"2024-10-14T06:40:00","slug":"robootika","status":"publish","type":"page","link":"https:\/\/vladislavkudriashev23.thkit.ee\/WP\/robootika\/","title":{"rendered":"Robootika"},"content":{"rendered":"\n<p>Robootika kolm p\u00f5hiseadust p\u00f5hinevad Isaac Asimovi kuulsatel &#8220;Robotiseadustel&#8221;, mille ta esmakordselt s\u00f5nastas novellis &#8220;Runaround&#8221; (1942) ja seej\u00e4rel t\u00e4iendas aastate jooksul. Robootika p\u00f5hiseadused v\u00f5ivad olla j\u00e4rgmised:<\/p>\n\n\n\n<ol class=\"wp-block-list\">\n<li>Esimene seadus: Robootikas\u00fcsteem peab kuuletuma inimk\u00e4skudele, v\u00e4lja arvatud juhul, kui need k\u00e4sklused on vastuolus teise seadusega.<\/li>\n\n\n\n<li>Teine seadus: Robootikas\u00fcsteem peab kaitsma oma olemasolu, kui see ei ole vastuolus esimese v\u00f5i kolmanda seadusega.<\/li>\n\n\n\n<li>Kolmas seadus: Robootikas\u00fcsteem peab kaitsma inimk\u00e4skude t\u00e4itmise kaudu oma olemasolu, kui see ei ole vastuolus esimese v\u00f5i teise seadusega.<\/li>\n<\/ol>\n\n\n\n<p>Need p\u00f5hiseadused kujutavad endast raamistikku, mis juhib roboteid nende suhetes inimestega ja nende \u00fclesannete t\u00e4itmisel. Need on loodud tagamaks, et robotid tegutsevad inimeste huvides, kuid samas v\u00e4ltides inimeste kahjustamist v\u00f5i kahjustamist nende k\u00e4itumise t\u00f5ttu.<\/p>\n","protected":false},"excerpt":{"rendered":"<p>Robootika kolm p\u00f5hiseadust p\u00f5hinevad Isaac Asimovi kuulsatel &#8220;Robotiseadustel&#8221;, mille ta esmakordselt s\u00f5nastas novellis &#8220;Runaround&#8221; (1942) ja seej\u00e4rel t\u00e4iendas aastate jooksul. Robootika p\u00f5hiseadused v\u00f5ivad olla j\u00e4rgmised: Need p\u00f5hiseadused kujutavad endast raamistikku, mis juhib roboteid nende suhetes inimestega ja nende \u00fclesannete t\u00e4itmisel. Need on loodud tagamaks, et robotid tegutsevad inimeste huvides, kuid samas v\u00e4ltides inimeste kahjustamist v\u00f5i [&hellip;]<\/p>\n","protected":false},"author":1,"featured_media":0,"parent":0,"menu_order":0,"comment_status":"closed","ping_status":"closed","template":"","meta":{"footnotes":""},"class_list":["post-512","page","type-page","status-publish","hentry"],"_links":{"self":[{"href":"https:\/\/vladislavkudriashev23.thkit.ee\/WP\/wp-json\/wp\/v2\/pages\/512","targetHints":{"allow":["GET"]}}],"collection":[{"href":"https:\/\/vladislavkudriashev23.thkit.ee\/WP\/wp-json\/wp\/v2\/pages"}],"about":[{"href":"https:\/\/vladislavkudriashev23.thkit.ee\/WP\/wp-json\/wp\/v2\/types\/page"}],"author":[{"embeddable":true,"href":"https:\/\/vladislavkudriashev23.thkit.ee\/WP\/wp-json\/wp\/v2\/users\/1"}],"replies":[{"embeddable":true,"href":"https:\/\/vladislavkudriashev23.thkit.ee\/WP\/wp-json\/wp\/v2\/comments?post=512"}],"version-history":[{"count":1,"href":"https:\/\/vladislavkudriashev23.thkit.ee\/WP\/wp-json\/wp\/v2\/pages\/512\/revisions"}],"predecessor-version":[{"id":1292,"href":"https:\/\/vladislavkudriashev23.thkit.ee\/WP\/wp-json\/wp\/v2\/pages\/512\/revisions\/1292"}],"wp:attachment":[{"href":"https:\/\/vladislavkudriashev23.thkit.ee\/WP\/wp-json\/wp\/v2\/media?parent=512"}],"curies":[{"name":"wp","href":"https:\/\/api.w.org\/{rel}","templated":true}]}}