{"id":2228,"date":"2025-09-18T05:38:54","date_gmt":"2025-09-18T05:38:54","guid":{"rendered":"https:\/\/vladislavkudriashev23.thkit.ee\/WP\/?page_id=2228"},"modified":"2025-09-18T10:11:06","modified_gmt":"2025-09-18T10:11:06","slug":"kupsised","status":"publish","type":"page","link":"https:\/\/vladislavkudriashev23.thkit.ee\/WP\/kupsised\/","title":{"rendered":"H5: K\u00fcpsised"},"content":{"rendered":"\n<h2 class=\"wp-block-heading\">What is a cookie?<\/h2>\n\n\n\n<p>An HTTP cookie (also called web cookie, Internet cookie, browser cookie, or simply cookie) is a small block of data created by a web server while a user is browsing a website and placed on the user&#8217;s computer or other device by the user&#8217;s web browser. Cookies are placed on the device used to access a website, and more than one cookie may be placed on a user&#8217;s device during a session.<\/p>\n\n\n\n<p>Cookies serve useful and sometimes essential functions on the web. They enable web servers to store stateful information (such as items added in the shopping cart in an online store) on the user&#8217;s device or to track the user&#8217;s browsing activity (including clicking particular buttons, logging in, or recording which pages were visited in the past). They can also be used to save information that the user previously entered into form fields, such as names, addresses, passwords, and payment card numbers for subsequent use.<\/p>\n\n\n\n<h2 class=\"wp-block-heading\">Harjutus<\/h2>\n\n\n\n<ol id=\"yui_3_17_2_1_1758173845479_508\" class=\"wp-block-list\">\n<li>Saada <code>xh<\/code> k\u00e4surearakendusega Twitteri veebiserverile p\u00e4ring ning vaata, millised k\u00fcpsised Twitteri veebiserver tagasi annab.\u00a0<\/li>\n\n\n\n<li>Uuri netist <code>set-cookie<\/code> p\u00e4ise anatoomiat (MDN Web Docs saidil on p\u00e4ris hea kirjeldus) ning anal\u00fc\u00fcsi, millist infot, kellele ja kui kauaks Twitter sinu brauserisse \u00fcritas sokutada.<\/li>\n<\/ol>\n\n\n\n<figure class=\"wp-block-image size-full wp-duotone-unset-1\"><img loading=\"lazy\" decoding=\"async\" width=\"955\" height=\"182\" src=\"https:\/\/vladislavkudriashev23.thkit.ee\/WP\/wp-content\/uploads\/2025\/09\/E969EB36-B1E1-4A61-A37D-6F01514DF788.png\" alt=\"\" class=\"wp-image-2237\" srcset=\"https:\/\/vladislavkudriashev23.thkit.ee\/WP\/wp-content\/uploads\/2025\/09\/E969EB36-B1E1-4A61-A37D-6F01514DF788.png 955w, https:\/\/vladislavkudriashev23.thkit.ee\/WP\/wp-content\/uploads\/2025\/09\/E969EB36-B1E1-4A61-A37D-6F01514DF788-300x57.png 300w, https:\/\/vladislavkudriashev23.thkit.ee\/WP\/wp-content\/uploads\/2025\/09\/E969EB36-B1E1-4A61-A37D-6F01514DF788-768x146.png 768w, https:\/\/vladislavkudriashev23.thkit.ee\/WP\/wp-content\/uploads\/2025\/09\/E969EB36-B1E1-4A61-A37D-6F01514DF788-150x29.png 150w\" sizes=\"auto, (max-width: 955px) 100vw, 955px\" \/><\/figure>\n\n\n\n<h2 class=\"wp-block-heading\">Kokkuv\u00f5tte<\/h2>\n\n\n\n<p>\u00dclesandes tuli saata HTTP-p\u00e4ring veebiserverile, kasutades k\u00e4surea t\u00f6\u00f6rista <code>xh -h [URL]<\/code>, ning vaadata, milliseid k\u00fcpsiseid server vastuseks saadab.<\/p>\n\n\n\n<p><\/p>\n","protected":false},"excerpt":{"rendered":"<p>What is a cookie? An HTTP cookie (also called web cookie, Internet cookie, browser cookie, or simply cookie) is a small block of data created by a web server while a user is browsing a website and placed on the user&#8217;s computer or other device by the user&#8217;s web browser. Cookies are placed on the [&hellip;]<\/p>\n","protected":false},"author":1,"featured_media":0,"parent":0,"menu_order":0,"comment_status":"closed","ping_status":"closed","template":"","meta":{"footnotes":""},"class_list":["post-2228","page","type-page","status-publish","hentry"],"_links":{"self":[{"href":"https:\/\/vladislavkudriashev23.thkit.ee\/WP\/wp-json\/wp\/v2\/pages\/2228","targetHints":{"allow":["GET"]}}],"collection":[{"href":"https:\/\/vladislavkudriashev23.thkit.ee\/WP\/wp-json\/wp\/v2\/pages"}],"about":[{"href":"https:\/\/vladislavkudriashev23.thkit.ee\/WP\/wp-json\/wp\/v2\/types\/page"}],"author":[{"embeddable":true,"href":"https:\/\/vladislavkudriashev23.thkit.ee\/WP\/wp-json\/wp\/v2\/users\/1"}],"replies":[{"embeddable":true,"href":"https:\/\/vladislavkudriashev23.thkit.ee\/WP\/wp-json\/wp\/v2\/comments?post=2228"}],"version-history":[{"count":11,"href":"https:\/\/vladislavkudriashev23.thkit.ee\/WP\/wp-json\/wp\/v2\/pages\/2228\/revisions"}],"predecessor-version":[{"id":2301,"href":"https:\/\/vladislavkudriashev23.thkit.ee\/WP\/wp-json\/wp\/v2\/pages\/2228\/revisions\/2301"}],"wp:attachment":[{"href":"https:\/\/vladislavkudriashev23.thkit.ee\/WP\/wp-json\/wp\/v2\/media?parent=2228"}],"curies":[{"name":"wp","href":"https:\/\/api.w.org\/{rel}","templated":true}]}}