{"id":2214,"date":"2025-09-17T08:41:42","date_gmt":"2025-09-17T08:41:42","guid":{"rendered":"https:\/\/vladislavkudriashev23.thkit.ee\/WP\/?page_id=2214"},"modified":"2025-09-18T10:11:02","modified_gmt":"2025-09-18T10:11:02","slug":"localstorage","status":"publish","type":"page","link":"https:\/\/vladislavkudriashev23.thkit.ee\/WP\/localstorage\/","title":{"rendered":"H4: localStorage"},"content":{"rendered":"\n<p>Lihtsustamiseks ja vigade v\u00e4ltimiseks v\u00f5ite avada veebisaidi.<\/p>\n\n\n\n<figure class=\"wp-block-image size-full wp-duotone-unset-1\"><img loading=\"lazy\" decoding=\"async\" width=\"205\" height=\"46\" src=\"https:\/\/vladislavkudriashev23.thkit.ee\/WP\/wp-content\/uploads\/2025\/09\/EA68A826-203E-428D-B571-F5C01331874A.png\" alt=\"\" class=\"wp-image-2218\" srcset=\"https:\/\/vladislavkudriashev23.thkit.ee\/WP\/wp-content\/uploads\/2025\/09\/EA68A826-203E-428D-B571-F5C01331874A.png 205w, https:\/\/vladislavkudriashev23.thkit.ee\/WP\/wp-content\/uploads\/2025\/09\/EA68A826-203E-428D-B571-F5C01331874A-150x34.png 150w\" sizes=\"auto, (max-width: 205px) 100vw, 205px\" \/><\/figure>\n\n\n\n<p>J\u00e4rgmisena tuleb vajutada klahvi F12 v\u00f5i hiire paremat nuppu ja valida Inspekteeri. Seej\u00e4rel minna Console\u2019i.<\/p>\n\n\n\n<p>Sisestage Console\u2019isse localStorage. N\u00e4ete, et see on t\u00fchi.<\/p>\n\n\n\n<p>Andmete lisamiseks tuleb kirjutada Console\u2019i ja ekraanil on n\u00e4ha:<\/p>\n\n\n\n<figure class=\"wp-block-image size-full wp-duotone-unset-2\"><img loading=\"lazy\" decoding=\"async\" width=\"287\" height=\"84\" src=\"https:\/\/vladislavkudriashev23.thkit.ee\/WP\/wp-content\/uploads\/2025\/09\/C2FFB0BF-14AF-4883-9035-0F05607064BA.png\" alt=\"\" class=\"wp-image-2220\" srcset=\"https:\/\/vladislavkudriashev23.thkit.ee\/WP\/wp-content\/uploads\/2025\/09\/C2FFB0BF-14AF-4883-9035-0F05607064BA.png 287w, https:\/\/vladislavkudriashev23.thkit.ee\/WP\/wp-content\/uploads\/2025\/09\/C2FFB0BF-14AF-4883-9035-0F05607064BA-150x44.png 150w\" sizes=\"auto, (max-width: 287px) 100vw, 287px\" \/><\/figure>\n\n\n\n<p>Salvestan localStorage\u2019isse paar v\u00f5ti-v\u00e4\u00e4rtust v\u00f5tme &#8217;inimene&#8217; ja v\u00e4\u00e4rtusega &#8216;Vlad&#8217;. Saan v\u00e4\u00e4rtuse v\u00f5tme &#8217;inimene&#8217; j\u00e4rgi.<\/p>\n\n\n\n<p>Erinevalt sessionStorage\u2019ist salvestatakse andmed localStorage\u2019is brauseri sessioonide vahel \u2013 isegi kui brauser sulgeda ja uuesti avada, j\u00e4\u00e4vad andmed alles, kuni need k\u00e4sitsi v\u00f5i skripti abil kustutad.<\/p>\n\n\n\n<p>Et veenduda, et andmed on salvestatud localStorage\u2019isse, tuleb minna jaotisesse Storage -&gt; Local Storage. Seal on n\u00e4ha, et localStorage\u2019i abil lisatud andmed on salvestatud sellesse kohta.<\/p>\n\n\n\n<figure class=\"wp-block-image size-full wp-duotone-unset-3\"><img loading=\"lazy\" decoding=\"async\" width=\"966\" height=\"261\" src=\"https:\/\/vladislavkudriashev23.thkit.ee\/WP\/wp-content\/uploads\/2025\/09\/A28F4983-F412-486E-BA6E-CC502077317D.png\" alt=\"\" class=\"wp-image-2225\" srcset=\"https:\/\/vladislavkudriashev23.thkit.ee\/WP\/wp-content\/uploads\/2025\/09\/A28F4983-F412-486E-BA6E-CC502077317D.png 966w, https:\/\/vladislavkudriashev23.thkit.ee\/WP\/wp-content\/uploads\/2025\/09\/A28F4983-F412-486E-BA6E-CC502077317D-300x81.png 300w, https:\/\/vladislavkudriashev23.thkit.ee\/WP\/wp-content\/uploads\/2025\/09\/A28F4983-F412-486E-BA6E-CC502077317D-768x208.png 768w, https:\/\/vladislavkudriashev23.thkit.ee\/WP\/wp-content\/uploads\/2025\/09\/A28F4983-F412-486E-BA6E-CC502077317D-150x41.png 150w\" sizes=\"auto, (max-width: 966px) 100vw, 966px\" \/><\/figure>\n","protected":false},"excerpt":{"rendered":"<p>Lihtsustamiseks ja vigade v\u00e4ltimiseks v\u00f5ite avada veebisaidi. J\u00e4rgmisena tuleb vajutada klahvi F12 v\u00f5i hiire paremat nuppu ja valida Inspekteeri. Seej\u00e4rel minna Console\u2019i. Sisestage Console\u2019isse localStorage. N\u00e4ete, et see on t\u00fchi. Andmete lisamiseks tuleb kirjutada Console\u2019i ja ekraanil on n\u00e4ha: Salvestan localStorage\u2019isse paar v\u00f5ti-v\u00e4\u00e4rtust v\u00f5tme &#8217;inimene&#8217; ja v\u00e4\u00e4rtusega &#8216;Vlad&#8217;. Saan v\u00e4\u00e4rtuse v\u00f5tme &#8217;inimene&#8217; j\u00e4rgi. Erinevalt sessionStorage\u2019ist [&hellip;]<\/p>\n","protected":false},"author":1,"featured_media":0,"parent":0,"menu_order":0,"comment_status":"closed","ping_status":"closed","template":"","meta":{"footnotes":""},"class_list":["post-2214","page","type-page","status-publish","hentry"],"_links":{"self":[{"href":"https:\/\/vladislavkudriashev23.thkit.ee\/WP\/wp-json\/wp\/v2\/pages\/2214","targetHints":{"allow":["GET"]}}],"collection":[{"href":"https:\/\/vladislavkudriashev23.thkit.ee\/WP\/wp-json\/wp\/v2\/pages"}],"about":[{"href":"https:\/\/vladislavkudriashev23.thkit.ee\/WP\/wp-json\/wp\/v2\/types\/page"}],"author":[{"embeddable":true,"href":"https:\/\/vladislavkudriashev23.thkit.ee\/WP\/wp-json\/wp\/v2\/users\/1"}],"replies":[{"embeddable":true,"href":"https:\/\/vladislavkudriashev23.thkit.ee\/WP\/wp-json\/wp\/v2\/comments?post=2214"}],"version-history":[{"count":10,"href":"https:\/\/vladislavkudriashev23.thkit.ee\/WP\/wp-json\/wp\/v2\/pages\/2214\/revisions"}],"predecessor-version":[{"id":2300,"href":"https:\/\/vladislavkudriashev23.thkit.ee\/WP\/wp-json\/wp\/v2\/pages\/2214\/revisions\/2300"}],"wp:attachment":[{"href":"https:\/\/vladislavkudriashev23.thkit.ee\/WP\/wp-json\/wp\/v2\/media?parent=2214"}],"curies":[{"name":"wp","href":"https:\/\/api.w.org\/{rel}","templated":true}]}}