{"id":2184,"date":"2025-09-17T08:33:29","date_gmt":"2025-09-17T08:33:29","guid":{"rendered":"https:\/\/vladislavkudriashev23.thkit.ee\/WP\/?page_id=2184"},"modified":"2025-09-18T10:10:58","modified_gmt":"2025-09-18T10:10:58","slug":"sessionstorage","status":"publish","type":"page","link":"https:\/\/vladislavkudriashev23.thkit.ee\/WP\/sessionstorage\/","title":{"rendered":"H3: sessionStorage"},"content":{"rendered":"\n<p>Selles \u00fclesandes n\u00e4ime, kuidas lehtedele teabe salvestamine toimib<\/p>\n\n\n\n<ol class=\"wp-block-list\">\n<li>Ava browser ja mine uue lehele<\/li>\n\n\n\n<li>Konsooli avamiseks vajutage F12<\/li>\n\n\n\n<li>Vali &#8220;Console&#8221; ja kirjuta k\u00e4sk: sessionStorage ning vajuta ENTER<\/li>\n<\/ol>\n\n\n\n<figure class=\"wp-block-image size-full wp-duotone-unset-1\"><img loading=\"lazy\" decoding=\"async\" width=\"965\" height=\"987\" src=\"https:\/\/vladislavkudriashev23.thkit.ee\/WP\/wp-content\/uploads\/2025\/09\/7CE98450-E1E6-420C-9519-7CB7D8BA2C10.png\" alt=\"\" class=\"wp-image-2188\" srcset=\"https:\/\/vladislavkudriashev23.thkit.ee\/WP\/wp-content\/uploads\/2025\/09\/7CE98450-E1E6-420C-9519-7CB7D8BA2C10.png 965w, https:\/\/vladislavkudriashev23.thkit.ee\/WP\/wp-content\/uploads\/2025\/09\/7CE98450-E1E6-420C-9519-7CB7D8BA2C10-293x300.png 293w, https:\/\/vladislavkudriashev23.thkit.ee\/WP\/wp-content\/uploads\/2025\/09\/7CE98450-E1E6-420C-9519-7CB7D8BA2C10-768x786.png 768w, https:\/\/vladislavkudriashev23.thkit.ee\/WP\/wp-content\/uploads\/2025\/09\/7CE98450-E1E6-420C-9519-7CB7D8BA2C10-147x150.png 147w\" sizes=\"auto, (max-width: 965px) 100vw, 965px\" \/><\/figure>\n\n\n\n<p>4. Tee uus k\u00e4sk sessionStorage.setItem(`auto`,`nissan`). Selle k\u00e4suga lisati Session Storage&#8217;isse uued andmed.<\/p>\n\n\n\n<figure class=\"wp-block-image size-full wp-duotone-unset-2\"><img loading=\"lazy\" decoding=\"async\" width=\"960\" height=\"198\" src=\"https:\/\/vladislavkudriashev23.thkit.ee\/WP\/wp-content\/uploads\/2025\/09\/FA88253A-D175-42D9-847F-FF4DE60372B9.png\" alt=\"\" class=\"wp-image-2192\" srcset=\"https:\/\/vladislavkudriashev23.thkit.ee\/WP\/wp-content\/uploads\/2025\/09\/FA88253A-D175-42D9-847F-FF4DE60372B9.png 960w, https:\/\/vladislavkudriashev23.thkit.ee\/WP\/wp-content\/uploads\/2025\/09\/FA88253A-D175-42D9-847F-FF4DE60372B9-300x62.png 300w, https:\/\/vladislavkudriashev23.thkit.ee\/WP\/wp-content\/uploads\/2025\/09\/FA88253A-D175-42D9-847F-FF4DE60372B9-768x158.png 768w, https:\/\/vladislavkudriashev23.thkit.ee\/WP\/wp-content\/uploads\/2025\/09\/FA88253A-D175-42D9-847F-FF4DE60372B9-150x31.png 150w\" sizes=\"auto, (max-width: 960px) 100vw, 960px\" \/><\/figure>\n\n\n\n<p>5. Uus kirjuta k\u00e4sk sessionStorage.getItem(`nissan`) ning n\u00e4ed, et v\u00e4ljastatakse sessionStorage&#8217;ist sinu auto.<\/p>\n\n\n\n<figure class=\"wp-block-image size-full wp-duotone-unset-3\"><img loading=\"lazy\" decoding=\"async\" width=\"216\" height=\"44\" src=\"https:\/\/vladislavkudriashev23.thkit.ee\/WP\/wp-content\/uploads\/2025\/09\/9340EF3A-4E36-49EA-ABAE-C2935027E74D.png\" alt=\"\" class=\"wp-image-2196\" srcset=\"https:\/\/vladislavkudriashev23.thkit.ee\/WP\/wp-content\/uploads\/2025\/09\/9340EF3A-4E36-49EA-ABAE-C2935027E74D.png 216w, https:\/\/vladislavkudriashev23.thkit.ee\/WP\/wp-content\/uploads\/2025\/09\/9340EF3A-4E36-49EA-ABAE-C2935027E74D-150x31.png 150w\" sizes=\"auto, (max-width: 216px) 100vw, 216px\" \/><\/figure>\n\n\n\n<p>6. Kontrollimiseks peate minema jaotisse Storage > Session Storage (Firefox&#8217;is). Saate vaadata meie sisestatud teavet.<\/p>\n\n\n\n<figure class=\"wp-block-image size-full wp-duotone-unset-4\"><img loading=\"lazy\" decoding=\"async\" width=\"959\" height=\"254\" src=\"https:\/\/vladislavkudriashev23.thkit.ee\/WP\/wp-content\/uploads\/2025\/09\/35B52918-8349-40E1-9A44-91396ADC48DD.png\" alt=\"\" class=\"wp-image-2199\" srcset=\"https:\/\/vladislavkudriashev23.thkit.ee\/WP\/wp-content\/uploads\/2025\/09\/35B52918-8349-40E1-9A44-91396ADC48DD.png 959w, https:\/\/vladislavkudriashev23.thkit.ee\/WP\/wp-content\/uploads\/2025\/09\/35B52918-8349-40E1-9A44-91396ADC48DD-300x79.png 300w, https:\/\/vladislavkudriashev23.thkit.ee\/WP\/wp-content\/uploads\/2025\/09\/35B52918-8349-40E1-9A44-91396ADC48DD-768x203.png 768w, https:\/\/vladislavkudriashev23.thkit.ee\/WP\/wp-content\/uploads\/2025\/09\/35B52918-8349-40E1-9A44-91396ADC48DD-150x40.png 150w\" sizes=\"auto, (max-width: 959px) 100vw, 959px\" \/><\/figure>\n\n\n\n<p>7. N\u00fc\u00fcd ava veel \u00fcks vahekaart ning mine samale lehele. Ava uuesti Storage > Session Storage (Firefox&#8217;is) ning n\u00e4ed, et see on t\u00fchi.<\/p>\n\n\n\n<figure class=\"wp-block-image size-full wp-duotone-unset-5\"><img loading=\"lazy\" decoding=\"async\" width=\"962\" height=\"257\" src=\"https:\/\/vladislavkudriashev23.thkit.ee\/WP\/wp-content\/uploads\/2025\/09\/3DA1BDFA-E864-4692-ACE1-D17F592CEC90.png\" alt=\"\" class=\"wp-image-2203\" srcset=\"https:\/\/vladislavkudriashev23.thkit.ee\/WP\/wp-content\/uploads\/2025\/09\/3DA1BDFA-E864-4692-ACE1-D17F592CEC90.png 962w, https:\/\/vladislavkudriashev23.thkit.ee\/WP\/wp-content\/uploads\/2025\/09\/3DA1BDFA-E864-4692-ACE1-D17F592CEC90-300x80.png 300w, https:\/\/vladislavkudriashev23.thkit.ee\/WP\/wp-content\/uploads\/2025\/09\/3DA1BDFA-E864-4692-ACE1-D17F592CEC90-768x205.png 768w, https:\/\/vladislavkudriashev23.thkit.ee\/WP\/wp-content\/uploads\/2025\/09\/3DA1BDFA-E864-4692-ACE1-D17F592CEC90-150x40.png 150w\" sizes=\"auto, (max-width: 962px) 100vw, 962px\" \/><\/figure>\n\n\n\n<p>8. Kuidas rename&#8217;da lisatud elemendid sessionStorage<\/p>\n\n\n\n<figure class=\"wp-block-image size-full wp-duotone-unset-6\"><img loading=\"lazy\" decoding=\"async\" width=\"961\" height=\"263\" src=\"https:\/\/vladislavkudriashev23.thkit.ee\/WP\/wp-content\/uploads\/2025\/09\/9F28D91D-6F7D-468C-8A9F-B51A05180A8F.png\" alt=\"\" class=\"wp-image-2211\" srcset=\"https:\/\/vladislavkudriashev23.thkit.ee\/WP\/wp-content\/uploads\/2025\/09\/9F28D91D-6F7D-468C-8A9F-B51A05180A8F.png 961w, https:\/\/vladislavkudriashev23.thkit.ee\/WP\/wp-content\/uploads\/2025\/09\/9F28D91D-6F7D-468C-8A9F-B51A05180A8F-300x82.png 300w, https:\/\/vladislavkudriashev23.thkit.ee\/WP\/wp-content\/uploads\/2025\/09\/9F28D91D-6F7D-468C-8A9F-B51A05180A8F-768x210.png 768w, https:\/\/vladislavkudriashev23.thkit.ee\/WP\/wp-content\/uploads\/2025\/09\/9F28D91D-6F7D-468C-8A9F-B51A05180A8F-150x41.png 150w\" sizes=\"auto, (max-width: 961px) 100vw, 961px\" \/><\/figure>\n\n\n\n<h2 class=\"wp-block-heading\">Kokkuv\u00f5tte<\/h2>\n\n\n\n<p>Andmed salvestatakse Session Storage&#8217;i ainult konkreetse browser&#8217;iseansi jooksul. Kui kasutad sessionStorage.setItem() jns. k\u00e4ske, siis need kehtivad \u00fche seanssi kohta. Teine vahekaart, mille avasid punkti 7 juuures, t\u00f6\u00f6tab aga teise seanssina.<\/p>\n\n\n\n<p><\/p>\n","protected":false},"excerpt":{"rendered":"<p>Selles \u00fclesandes n\u00e4ime, kuidas lehtedele teabe salvestamine toimib 4. Tee uus k\u00e4sk sessionStorage.setItem(`auto`,`nissan`). Selle k\u00e4suga lisati Session Storage&#8217;isse uued andmed. 5. Uus kirjuta k\u00e4sk sessionStorage.getItem(`nissan`) ning n\u00e4ed, et v\u00e4ljastatakse sessionStorage&#8217;ist sinu auto. 6. Kontrollimiseks peate minema jaotisse Storage > Session Storage (Firefox&#8217;is). Saate vaadata meie sisestatud teavet. 7. N\u00fc\u00fcd ava veel \u00fcks vahekaart ning mine [&hellip;]<\/p>\n","protected":false},"author":1,"featured_media":0,"parent":0,"menu_order":0,"comment_status":"closed","ping_status":"closed","template":"","meta":{"footnotes":""},"class_list":["post-2184","page","type-page","status-publish","hentry"],"_links":{"self":[{"href":"https:\/\/vladislavkudriashev23.thkit.ee\/WP\/wp-json\/wp\/v2\/pages\/2184","targetHints":{"allow":["GET"]}}],"collection":[{"href":"https:\/\/vladislavkudriashev23.thkit.ee\/WP\/wp-json\/wp\/v2\/pages"}],"about":[{"href":"https:\/\/vladislavkudriashev23.thkit.ee\/WP\/wp-json\/wp\/v2\/types\/page"}],"author":[{"embeddable":true,"href":"https:\/\/vladislavkudriashev23.thkit.ee\/WP\/wp-json\/wp\/v2\/users\/1"}],"replies":[{"embeddable":true,"href":"https:\/\/vladislavkudriashev23.thkit.ee\/WP\/wp-json\/wp\/v2\/comments?post=2184"}],"version-history":[{"count":22,"href":"https:\/\/vladislavkudriashev23.thkit.ee\/WP\/wp-json\/wp\/v2\/pages\/2184\/revisions"}],"predecessor-version":[{"id":2299,"href":"https:\/\/vladislavkudriashev23.thkit.ee\/WP\/wp-json\/wp\/v2\/pages\/2184\/revisions\/2299"}],"wp:attachment":[{"href":"https:\/\/vladislavkudriashev23.thkit.ee\/WP\/wp-json\/wp\/v2\/media?parent=2184"}],"curies":[{"name":"wp","href":"https:\/\/api.w.org\/{rel}","templated":true}]}}