{"id":1971,"date":"2025-09-03T06:41:00","date_gmt":"2025-09-03T06:41:00","guid":{"rendered":"https:\/\/vladislavkudriashev23.thkit.ee\/WP\/?page_id=1971"},"modified":"2025-09-03T07:40:29","modified_gmt":"2025-09-03T07:40:29","slug":"hajusrakendused","status":"publish","type":"page","link":"https:\/\/vladislavkudriashev23.thkit.ee\/WP\/hajusrakendused\/","title":{"rendered":"Hajusrakendused"},"content":{"rendered":"\n<h3 class=\"wp-block-heading\">Hajusrakendused<\/h3>\n\n\n\n<ul class=\"wp-block-list\">\n<li>t\u00f6\u00f6tavad rohkem kui \u00fches arvutis<\/li>\n\n\n\n<li>osad suhtlevad omavahel v\u00f5rgu kaudu<\/li>\n\n\n\n<li>lihtsaim variant on klient ja server (kaks osa)\n<ul class=\"wp-block-list\">\n<li>frontend ja backend<\/li>\n\n\n\n<li>mikroteenused<em> (Users SERVICE, Notifications SERVICE, Messages SERVICE, Payment SERVICE)<\/em>\n<ul class=\"wp-block-list\">\n<li>eelised:\n<ul class=\"wp-block-list\">\n<li>t\u00f6\u00f6jaotus (iga meeskond teeb oma t\u00f6\u00f6, n\u00e4iteks kasutajate haldamine)<\/li>\n\n\n\n<li>skaleeritavus<\/li>\n\n\n\n<li>taaskasutus<\/li>\n<\/ul>\n<\/li>\n\n\n\n<li>puudused:\n<ul class=\"wp-block-list\">\n<li>rohkem t\u00f6\u00f6d<\/li>\n\n\n\n<li>keerulisem arhitektuur<\/li>\n\n\n\n<li>SSR raskem<\/li>\n<\/ul>\n<\/li>\n<\/ul>\n<\/li>\n<\/ul>\n<\/li>\n\n\n\n<li>andmeformaadid:\n<ul class=\"wp-block-list\">\n<li>XML\n<ul class=\"wp-block-list\">\n<li>V\u00f5imaldab valideerida<\/li>\n\n\n\n<li>V\u00f5imaldab stillilehe kasutada<\/li>\n<\/ul>\n<\/li>\n\n\n\n<li>JSON\n<ul class=\"wp-block-list\">\n<li>Lakoonilisem ja lihtsam lugeda<\/li>\n\n\n\n<li>Populaarsem<\/li>\n<\/ul>\n<\/li>\n<\/ul>\n<\/li>\n<\/ul>\n\n\n\n<p>WebSocket on arvutisideprotokoll, mis pakub kahesuunalist sidekanalit \u00fche edastusjuhtimisprotokolli (TCP) \u00fchenduse kaudu.<\/p>\n\n\n\n<figure class=\"wp-block-image aligncenter size-full wp-duotone-unset-1\"><img loading=\"lazy\" decoding=\"async\" width=\"478\" height=\"223\" src=\"https:\/\/vladislavkudriashev23.thkit.ee\/WP\/wp-content\/uploads\/2025\/09\/84433547__en-US__Web.png\" alt=\"\" class=\"wp-image-1997\" srcset=\"https:\/\/vladislavkudriashev23.thkit.ee\/WP\/wp-content\/uploads\/2025\/09\/84433547__en-US__Web.png 478w, https:\/\/vladislavkudriashev23.thkit.ee\/WP\/wp-content\/uploads\/2025\/09\/84433547__en-US__Web-300x140.png 300w, https:\/\/vladislavkudriashev23.thkit.ee\/WP\/wp-content\/uploads\/2025\/09\/84433547__en-US__Web-150x70.png 150w\" sizes=\"auto, (max-width: 478px) 100vw, 478px\" \/><\/figure>\n","protected":false},"excerpt":{"rendered":"<p>Hajusrakendused WebSocket on arvutisideprotokoll, mis pakub kahesuunalist sidekanalit \u00fche edastusjuhtimisprotokolli (TCP) \u00fchenduse kaudu.<\/p>\n","protected":false},"author":1,"featured_media":0,"parent":0,"menu_order":0,"comment_status":"closed","ping_status":"closed","template":"","meta":{"footnotes":""},"class_list":["post-1971","page","type-page","status-publish","hentry"],"_links":{"self":[{"href":"https:\/\/vladislavkudriashev23.thkit.ee\/WP\/wp-json\/wp\/v2\/pages\/1971","targetHints":{"allow":["GET"]}}],"collection":[{"href":"https:\/\/vladislavkudriashev23.thkit.ee\/WP\/wp-json\/wp\/v2\/pages"}],"about":[{"href":"https:\/\/vladislavkudriashev23.thkit.ee\/WP\/wp-json\/wp\/v2\/types\/page"}],"author":[{"embeddable":true,"href":"https:\/\/vladislavkudriashev23.thkit.ee\/WP\/wp-json\/wp\/v2\/users\/1"}],"replies":[{"embeddable":true,"href":"https:\/\/vladislavkudriashev23.thkit.ee\/WP\/wp-json\/wp\/v2\/comments?post=1971"}],"version-history":[{"count":23,"href":"https:\/\/vladislavkudriashev23.thkit.ee\/WP\/wp-json\/wp\/v2\/pages\/1971\/revisions"}],"predecessor-version":[{"id":2003,"href":"https:\/\/vladislavkudriashev23.thkit.ee\/WP\/wp-json\/wp\/v2\/pages\/1971\/revisions\/2003"}],"wp:attachment":[{"href":"https:\/\/vladislavkudriashev23.thkit.ee\/WP\/wp-json\/wp\/v2\/media?parent=1971"}],"curies":[{"name":"wp","href":"https:\/\/api.w.org\/{rel}","templated":true}]}}