{"id":1859,"date":"2025-03-14T10:49:24","date_gmt":"2025-03-14T10:49:24","guid":{"rendered":"https:\/\/vladislavkudriashev23.thkit.ee\/WP\/?page_id=1859"},"modified":"2025-03-28T12:46:55","modified_gmt":"2025-03-28T12:46:55","slug":"uml-skeemid","status":"publish","type":"page","link":"https:\/\/vladislavkudriashev23.thkit.ee\/WP\/uml-skeemid\/","title":{"rendered":"UML Skeemid"},"content":{"rendered":"\n<p>UML (Unified Modeling Language) &#8211; modeleerimiskeel (2.0)<\/p>\n\n\n\n<p>UML kasutab<\/p>\n\n\n\n<ul class=\"wp-block-list\">\n<li>kujundid<\/li>\n\n\n\n<li>jooned<\/li>\n\n\n\n<li>m\u00e4rgid<\/li>\n\n\n\n<li>pealdised<\/li>\n<\/ul>\n\n\n\n<p>Skeemit\u00fc\u00fcpid:<\/p>\n\n\n\n<ul class=\"wp-block-list\">\n<li><a href=\"https:\/\/vladislavkudriashev23.thkit.ee\/WP\/use-case-diagramm\/\">Kasutuslooskeem (\u0414\u0438\u0430\u0433\u0440\u0430\u043c\u043c\u0430 \u041f\u0440\u0435\u0446\u0435\u0434\u0435\u043d\u0442\u043e\u0432) (Use Case Diagram)<\/a><br>Kasutuslooskeeme kasutatakse s\u00fcsteemi moodustavate t\u00e4htsaimate elementide ja protsesside m\u00e4\u00e4ramiseks. Primaaelemente nimetatakse &#8216;aktorideks&#8217; ning protsesse &#8216;kasutuslugudeks&#8217;. Kasutuslooskeem n\u00e4itab, millised aktorid suhtlevad iga kasutuslooslooga.<\/li>\n<\/ul>\n\n\n\n<ul class=\"wp-block-list\">\n<li><a href=\"https:\/\/vladislavkudriashev23.thkit.ee\/WP\/tegevusskeem\/\">Tegevusskeem (\u0414\u0438\u0430\u0433\u0440\u0430\u043c\u043c\u0430 \u0410\u043a\u0442\u0438\u0432\u043d\u043e\u0441\u0442\u0438 \/ \u0414\u0435\u044f\u0442\u0435\u043b\u044c\u043d\u043e\u0441\u0442\u0438) (Activity Diagram)<\/a><br>Aktiviteedi skeemi kasutatakse s\u00fcsteemi t\u00f6\u00f6voo ja tegevuste j\u00e4rjestuse m\u00e4\u00e4ratlemiseks. See n\u00e4itab, kuidas erinevad tegevused j\u00e4rjestikku toimuvad, sealhulgas otsuste tegemise kohad ja v\u00f5imalikud hargnemised. Aktiviteedi skeem aitab m\u00f5ista, kuidas s\u00fcsteem t\u00f6\u00f6tab, millised tegevused tuleb sooritada ja kuidas need omavahel seotud on.<\/li>\n<\/ul>\n\n\n\n<ul class=\"wp-block-list\">\n<li><a href=\"https:\/\/vladislavkudriashev23.thkit.ee\/WP\/andmebaasiskeem\/\">Andmebaasiskeem (\u0421\u0445\u0435\u043c\u0430 \u0411\u0430\u0437\u044b \u0414\u0430\u043d\u043d\u044b\u0445 \/ Database Schema)<\/a><br>Andmebaasiskeemi kasutatakse andmebaasi struktuuri ja andmete organiseerituse visuaalseks kirjeldamiseks. See m\u00e4\u00e4ratleb, kuidas andmed salvestatakse, kuidas erinevad elemendid omavahel seotud on ning millised reeglid andmete t\u00e4psust ja j\u00e4rjepidevust tagavad. Peamisteks elementideks on tabelid (andmekogumid), veerud (v\u00e4ljad, mis kirjeldavad andmet\u00fc\u00fcpe), v\u00f5tmed (prim\u00e4\u00e4r- ja v\u00f5\u00f5rv\u00f5tmed) ning seosed (sidemed tabelite vahel).<\/li>\n<\/ul>\n\n\n\n<ul class=\"wp-block-list\">\n<li><a href=\"https:\/\/vladislavkudriashev23.thkit.ee\/WP\/klassiskeem\/\">Klassiskeem (\u0414\u0438\u0430\u0433\u0440\u0430\u043c\u043c\u0430 \u041a\u043b\u0430\u0441\u0441\u043e\u0432 \/ Class Diagram)<\/a><br>Klassiskeem on UML-i (Unified Modeling Language) struktuuridiagramm, mis kirjeldab s\u00fcsteemi klasse, nende omadusi, meetodeid ja suhteid teiste klassidega. Seda kasutatakse tarkvaraarhitektuuri visuaalseks modelleerimiseks objektorienteeritud l\u00e4henemisel.<\/li>\n<\/ul>\n\n\n\n<p><\/p>\n","protected":false},"excerpt":{"rendered":"<p>UML (Unified Modeling Language) &#8211; modeleerimiskeel (2.0) UML kasutab Skeemit\u00fc\u00fcpid:<\/p>\n","protected":false},"author":1,"featured_media":0,"parent":0,"menu_order":0,"comment_status":"closed","ping_status":"closed","template":"","meta":{"footnotes":""},"class_list":["post-1859","page","type-page","status-publish","hentry"],"_links":{"self":[{"href":"https:\/\/vladislavkudriashev23.thkit.ee\/WP\/wp-json\/wp\/v2\/pages\/1859","targetHints":{"allow":["GET"]}}],"collection":[{"href":"https:\/\/vladislavkudriashev23.thkit.ee\/WP\/wp-json\/wp\/v2\/pages"}],"about":[{"href":"https:\/\/vladislavkudriashev23.thkit.ee\/WP\/wp-json\/wp\/v2\/types\/page"}],"author":[{"embeddable":true,"href":"https:\/\/vladislavkudriashev23.thkit.ee\/WP\/wp-json\/wp\/v2\/users\/1"}],"replies":[{"embeddable":true,"href":"https:\/\/vladislavkudriashev23.thkit.ee\/WP\/wp-json\/wp\/v2\/comments?post=1859"}],"version-history":[{"count":9,"href":"https:\/\/vladislavkudriashev23.thkit.ee\/WP\/wp-json\/wp\/v2\/pages\/1859\/revisions"}],"predecessor-version":[{"id":1951,"href":"https:\/\/vladislavkudriashev23.thkit.ee\/WP\/wp-json\/wp\/v2\/pages\/1859\/revisions\/1951"}],"wp:attachment":[{"href":"https:\/\/vladislavkudriashev23.thkit.ee\/WP\/wp-json\/wp\/v2\/media?parent=1859"}],"curies":[{"name":"wp","href":"https:\/\/api.w.org\/{rel}","templated":true}]}}