{"id":1745,"date":"2025-02-17T09:38:33","date_gmt":"2025-02-17T09:38:33","guid":{"rendered":"https:\/\/vladislavkudriashev23.thkit.ee\/WP\/?page_id=1745"},"modified":"2025-02-19T11:57:47","modified_gmt":"2025-02-19T11:57:47","slug":"ssh-key-loomine-kasutamine","status":"publish","type":"page","link":"https:\/\/vladislavkudriashev23.thkit.ee\/WP\/ssh-key-loomine-kasutamine\/","title":{"rendered":".SSH key loomine \/ kasutamine"},"content":{"rendered":"\n<p>\u041c\u043e\u0439 \u0440\u0435\u043f\u043e\u0437\u0438\u0442\u043e\u0440\u0438\u0439:<\/p>\n\n\n\n<ol class=\"wp-block-list\">\n<li>\u0421\u043e\u0437\u0434\u0430\u043b <a href=\"https:\/\/github.com\/FantomTchi7\/Tarkvara\">\u0440\u0435\u043f\u043e\u0437\u0438\u0442\u043e\u0440\u0438\u0439<\/a> \u0441 \u0437\u0430\u0434\u0430\u043d\u0438\u044f\u043c\u0438 \u0447\u0435\u0440\u0435\u0437 WebStorm.<\/li>\n\n\n\n<li>\u0421\u043e\u0437\u0434\u0430\u043b \u043a\u043b\u044e\u0447:\n<ul class=\"wp-block-list\">\n<li>ssh-keygen -o -t rsa -C &#8220;minu email&#8221;<br><img decoding=\"async\" src=\"https:\/\/vladislavkudriashev23.thkit.ee\/WP\/wp-content\/uploads\/2025\/02\/pilt-9-1024x250.png\" alt=\"\"><\/li>\n<\/ul>\n<\/li>\n\n\n\n<li>\u0417\u0430\u043a\u0438\u043d\u0443\u043b \u043a\u043b\u044e\u0447 \u043d\u0430 GitHub.<br><img decoding=\"async\" src=\"https:\/\/vladislavkudriashev23.thkit.ee\/WP\/wp-content\/uploads\/2025\/02\/pilt-8-1024x456.png\" alt=\"\"><\/li>\n\n\n\n<li>\u041e\u0442\u043f\u0440\u0430\u0432\u0438\u043b \u043a\u043b\u044e\u0447 (id_rsa \u043a\u043e\u0442\u043e\u0440\u044b\u0439 \u0432 \u0441\u043a\u0440\u044b\u0442\u043e\u0439 \u043f\u0430\u043f\u043a\u0435 .ssh) \u043e\u0434\u043d\u043e\u043a\u0443\u0440\u0441\u043d\u0438\u043a\u0443.<\/li>\n<\/ol>\n\n\n\n<p>\u0420\u0435\u043f\u043e\u0437\u0438\u0442\u043e\u0440\u0438\u0439 \u0443\u0447\u0438\u0442\u0435\u043b\u044f:<\/p>\n\n\n\n<ol class=\"wp-block-list\">\n<li>\u0421\u043a\u0430\u0447\u0430\u043b \u043a\u043b\u044e\u0447 \u0438 \u043f\u0435\u0440\u0435\u043a\u0438\u043d\u0443\u043b \u0435\u0433\u043e \u0432 .ssh \u0432\u043d\u0443\u0442\u0440\u0438 \u043f\u0430\u043f\u043a\u0438 Home.<\/li>\n\n\n\n<li>\u0421\u043a\u043b\u043e\u043d\u0438\u0440\u043e\u0432\u0430\u043b \u0440\u0435\u043f\u043e\u0437\u0438\u0442\u043e\u0440\u0438\u0439.\n<ul class=\"wp-block-list\">\n<li>git clone git@github.com:IrinaMerkulova\/TakvaraIrina.git<\/li>\n<\/ul>\n<\/li>\n\n\n\n<li>\u0421\u043e\u0437\u0434\u0430\u043b \u0432\u0435\u0442\u043a\u0443 VladK \u0438 \u043d\u0430\u0447\u0430\u043b \u0440\u0430\u0431\u043e\u0442\u0430\u0442\u044c \u0432 \u044d\u0442\u043e\u0439 \u0432\u0435\u0442\u043a\u0435.\n<ul class=\"wp-block-list\">\n<li>git branch VladK<\/li>\n\n\n\n<li>git checkout VladK<\/li>\n<\/ul>\n<\/li>\n\n\n\n<li>\u0421\u0434\u0435\u043b\u0430\u043b \u0437\u0430\u0434\u0430\u043d\u0438\u044f \u0432 WebStorm.\n<ul class=\"wp-block-list\">\n<li>1. Lisa html faili pickachu pilti<\/li>\n\n\n\n<li>2. Kirjuta pildi id nii, et saab pilti lohistada &#8211; draggable()<\/li>\n\n\n\n<li>3. Kasuta jQuery hide\/ show meetodid, et saab pilti peida\/n\u00e4ita<\/li>\n\n\n\n<li>4. Lisa vajalikud nupud, et saab peida\/ n\u00e4idata pilti<\/li>\n\n\n\n<li>5. css failis tee pilt \u00e4\u00e4risega ja \u00fcmmargune.<\/li>\n\n\n\n<li>6. Lisa css kujundus select rippmen\u00fc\u00fcsse mis on lisatud html faili<\/li>\n<\/ul>\n<\/li>\n\n\n\n<li>\u0417\u0430\u043a\u043e\u043c\u043c\u0438\u0442\u0438\u043b \u0438 \u0437\u0430\u043f\u0443\u0448\u0438\u043b.\n<ul class=\"wp-block-list\">\n<li>git commit<\/li>\n\n\n\n<li>git push origin VladK<\/li>\n<\/ul>\n<\/li>\n<\/ol>\n\n\n\n<p>\u0420\u0435\u043f\u043e\u0437\u0438\u0442\u043e\u0440\u0438\u0439 \u043e\u0434\u043d\u043e\u043a\u0443\u0440\u0441\u043d\u0438\u043a\u0430:<\/p>\n\n\n\n<ol class=\"wp-block-list\">\n<li>\u0421\u043a\u0430\u0447\u0430\u043b \u043a\u043b\u044e\u0447 \u0438 \u043f\u0435\u0440\u0435\u043a\u0438\u043d\u0443\u043b \u0435\u0433\u043e \u0432 .ssh \u0432\u043d\u0443\u0442\u0440\u0438 \u043f\u0430\u043f\u043a\u0438 Home.<\/li>\n\n\n\n<li>\u0421\u043a\u043b\u043e\u043d\u0438\u0440\u043e\u0432\u0430\u043b \u0440\u0435\u043f\u043e\u0437\u0438\u0442\u043e\u0440\u0438\u0439.\n<ul class=\"wp-block-list\">\n<li>git clone git@github.com:MarijaGorbunova0\/TarkvaraMarijaG.git<\/li>\n<\/ul>\n<\/li>\n\n\n\n<li>\u0421\u043e\u0437\u0434\u0430\u043b \u0432\u0435\u0442\u043a\u0443 VladK \u0438 \u043d\u0430\u0447\u0430\u043b \u0440\u0430\u0431\u043e\u0442\u0430\u0442\u044c \u0432 \u044d\u0442\u043e\u0439 \u0432\u0435\u0442\u043a\u0435.\n<ul class=\"wp-block-list\">\n<li>git branch VladK<\/li>\n\n\n\n<li>git checkout VladK<\/li>\n<\/ul>\n<\/li>\n\n\n\n<li>\u0421\u0434\u0435\u043b\u0430\u043b \u0437\u0430\u0434\u0430\u043d\u0438\u044f \u0432 WebStorm.<\/li>\n\n\n\n<li>\u0417\u0430\u043a\u043e\u043c\u043c\u0438\u0442\u0438\u043b \u0438 \u0437\u0430\u043f\u0443\u0448\u0438\u043b.\n<ul class=\"wp-block-list\">\n<li>git commit<\/li>\n\n\n\n<li>git push origin VladK<\/li>\n<\/ul>\n<\/li>\n<\/ol>\n","protected":false},"excerpt":{"rendered":"<p>\u041c\u043e\u0439 \u0440\u0435\u043f\u043e\u0437\u0438\u0442\u043e\u0440\u0438\u0439: \u0420\u0435\u043f\u043e\u0437\u0438\u0442\u043e\u0440\u0438\u0439 \u0443\u0447\u0438\u0442\u0435\u043b\u044f: \u0420\u0435\u043f\u043e\u0437\u0438\u0442\u043e\u0440\u0438\u0439 \u043e\u0434\u043d\u043e\u043a\u0443\u0440\u0441\u043d\u0438\u043a\u0430:<\/p>\n","protected":false},"author":1,"featured_media":0,"parent":0,"menu_order":0,"comment_status":"closed","ping_status":"closed","template":"","meta":{"footnotes":""},"class_list":["post-1745","page","type-page","status-publish","hentry"],"_links":{"self":[{"href":"https:\/\/vladislavkudriashev23.thkit.ee\/WP\/wp-json\/wp\/v2\/pages\/1745","targetHints":{"allow":["GET"]}}],"collection":[{"href":"https:\/\/vladislavkudriashev23.thkit.ee\/WP\/wp-json\/wp\/v2\/pages"}],"about":[{"href":"https:\/\/vladislavkudriashev23.thkit.ee\/WP\/wp-json\/wp\/v2\/types\/page"}],"author":[{"embeddable":true,"href":"https:\/\/vladislavkudriashev23.thkit.ee\/WP\/wp-json\/wp\/v2\/users\/1"}],"replies":[{"embeddable":true,"href":"https:\/\/vladislavkudriashev23.thkit.ee\/WP\/wp-json\/wp\/v2\/comments?post=1745"}],"version-history":[{"count":19,"href":"https:\/\/vladislavkudriashev23.thkit.ee\/WP\/wp-json\/wp\/v2\/pages\/1745\/revisions"}],"predecessor-version":[{"id":1774,"href":"https:\/\/vladislavkudriashev23.thkit.ee\/WP\/wp-json\/wp\/v2\/pages\/1745\/revisions\/1774"}],"wp:attachment":[{"href":"https:\/\/vladislavkudriashev23.thkit.ee\/WP\/wp-json\/wp\/v2\/media?parent=1745"}],"curies":[{"name":"wp","href":"https:\/\/api.w.org\/{rel}","templated":true}]}}