{"id":1489,"date":"2024-11-06T06:41:15","date_gmt":"2024-11-06T06:41:15","guid":{"rendered":"https:\/\/vladislavkudriashev23.thkit.ee\/WP\/?page_id=1489"},"modified":"2025-03-11T11:58:12","modified_gmt":"2025-03-11T11:58:12","slug":"inglise-eesti-vene-terminid","status":"publish","type":"page","link":"https:\/\/vladislavkudriashev23.thkit.ee\/WP\/inglise-eesti-vene-terminid\/","title":{"rendered":"Inglise\/eesti\/vene terminid"},"content":{"rendered":"<div class=\"dictionary\">\r\n\t<form class=\"terms_search\"><input type=\"text\" name=\"terms_s\" value=\"\" required><input type=\"submit\" value=\"search\"><\/form><nav class=\"letters\"><a href=\"?letter=35\" class=\"letter \">B<\/a><a href=\"?letter=40\" class=\"letter \">C<\/a><a href=\"?letter=45\" class=\"letter \">D<\/a><a href=\"?letter=52\" class=\"letter \">E<\/a><a href=\"?letter=42\" class=\"letter \">F<\/a><a href=\"?letter=55\" class=\"letter \">G<\/a><a href=\"?letter=41\" class=\"letter \">H<\/a><a href=\"?letter=54\" class=\"letter \">I<\/a><a href=\"?letter=60\" class=\"letter \">K<\/a><a href=\"?letter=48\" class=\"letter \">L<\/a><a href=\"?letter=50\" class=\"letter \">M<\/a><a href=\"?letter=47\" class=\"letter \">N<\/a><a href=\"?letter=44\" class=\"letter \">P<\/a><a href=\"?letter=53\" class=\"letter \">R<\/a><a href=\"?letter=49\" class=\"letter \">S<\/a><a href=\"?letter=46\" class=\"letter \">T<\/a><a href=\"?letter=59\" class=\"letter \">U<\/a><\/nav><div class=\"terms\"><div class=\"term\"><strong>$_POST[?]<\/strong> (<a href=\"?terms-tag=39\">PHP<\/a>) - A PHP superglobal array that is used to collect form data after submitting a form with the method 'POST'.\r\nPHP globaalne massiiv, mida kasutatakse vormiandmete kogumiseks p\u00e4rast vormi esitamist meetodiga 'POST'.\r\n\u0421\u0443\u043f\u0435\u0440\u0433\u043b\u043e\u0431\u0430\u043b\u044c\u043d\u044b\u0439 \u043c\u0430\u0441\u0441\u0438\u0432 PHP, \u043a\u043e\u0442\u043e\u0440\u044b\u0439 \u0438\u0441\u043f\u043e\u043b\u044c\u0437\u0443\u0435\u0442\u0441\u044f \u0434\u043b\u044f \u0441\u0431\u043e\u0440\u0430 \u0434\u0430\u043d\u043d\u044b\u0445 \u0444\u043e\u0440\u043c\u044b \u043f\u043e\u0441\u043b\u0435 \u043e\u0442\u043f\u0440\u0430\u0432\u043a\u0438 \u0444\u043e\u0440\u043c\u044b \u043c\u0435\u0442\u043e\u0434\u043e\u043c 'POST'.<\/div><div class=\"term\"><strong>$_REQUEST[?]<\/strong> (<a href=\"?terms-tag=39\">PHP<\/a>) - A PHP superglobal array that collects data from both '$_GET', '$_POST', and '$_COOKIE'. It retrieves data sent via HTTP requests.\r\nPHP globaalne massiiv, mis kogub andmeid nii '$_GET', '$_POST' kui ka '$_COOKIE' massiividest. See toob andmed, mis saadeti HTTP-p\u00e4ringute kaudu.\r\n\u0421\u0443\u043f\u0435\u0440\u0433\u043b\u043e\u0431\u0430\u043b\u044c\u043d\u044b\u0439 \u043c\u0430\u0441\u0441\u0438\u0432 PHP, \u043a\u043e\u0442\u043e\u0440\u044b\u0439 \u0441\u043e\u0431\u0438\u0440\u0430\u0435\u0442 \u0434\u0430\u043d\u043d\u044b\u0435 \u0438\u0437 '$_GET', '$_POST' \u0438 '$_COOKIE'. \u041e\u043d \u0438\u0437\u0432\u043b\u0435\u043a\u0430\u0435\u0442 \u0434\u0430\u043d\u043d\u044b\u0435, \u043e\u0442\u043f\u0440\u0430\u0432\u043b\u0435\u043d\u043d\u044b\u0435 \u0447\u0435\u0440\u0435\u0437 HTTP-\u0437\u0430\u043f\u0440\u043e\u0441\u044b.<\/div><div class=\"term\"><strong>Backend<\/strong>  - Is what the server does when interacting with a webpage. (Serverside)\r\nSee on see, mida server veebilehega suhtlemisel teeb. (serveripool)\r\n\u0422\u043e, \u0447\u0442\u043e \u0434\u0435\u043b\u0430\u0435\u0442 \u0441\u0435\u0440\u0432\u0435\u0440 \u043f\u0440\u0438 \u0432\u0437\u0430\u0438\u043c\u043e\u0434\u0435\u0439\u0441\u0442\u0432\u0438\u0438 \u0441 \u0432\u0435\u0431-\u0441\u0442\u0440\u0430\u043d\u0438\u0446\u0435\u0439. (\u0421\u0435\u0440\u0432\u0435\u0440\u043d\u0430\u044f \u0441\u0442\u043e\u0440\u043e\u043d\u0430)<\/div><div class=\"term\"><strong>bind_param(variable)<\/strong> (<a href=\"?terms-tag=39\">PHP<\/a>) - A PHP function that binds variables to a prepared SQL statement as parameters, enabling the safe insertion of variables into SQL queries.\r\nPHP-funktsioon, mis seob muutujad ettevalmistatud SQL-lauses parameetritena, v\u00f5imaldades turvalist muutujate lisamist SQL-p\u00e4ringutesse.\r\n\u0424\u0443\u043d\u043a\u0446\u0438\u044f PHP, \u043a\u043e\u0442\u043e\u0440\u0430\u044f \u0441\u0432\u044f\u0437\u044b\u0432\u0430\u0435\u0442 \u043f\u0435\u0440\u0435\u043c\u0435\u043d\u043d\u044b\u0435 \u0441 \u043f\u043e\u0434\u0433\u043e\u0442\u043e\u0432\u043b\u0435\u043d\u043d\u044b\u043c SQL-\u0437\u0430\u043f\u0440\u043e\u0441\u043e\u043c \u043a\u0430\u043a \u043f\u0430\u0440\u0430\u043c\u0435\u0442\u0440\u044b, \u043f\u043e\u0437\u0432\u043e\u043b\u044f\u044f \u0431\u0435\u0437\u043e\u043f\u0430\u0441\u043d\u043e \u0432\u0441\u0442\u0430\u0432\u043b\u044f\u0442\u044c \u043f\u0435\u0440\u0435\u043c\u0435\u043d\u043d\u044b\u0435 \u0432 SQL-\u0437\u0430\u043f\u0440\u043e\u0441\u044b.<\/div><div class=\"term\"><strong>bind_result(variable)<\/strong> (<a href=\"?terms-tag=39\">PHP<\/a>) - A PHP function that binds variables to a prepared statement\u2019s result set, allowing you to fetch the results into the specified variables.\r\nPHP-funktsioon, mis seob muutujad ettevalmistatud p\u00e4ringu tulemuste kogumiga, v\u00f5imaldades tulemusi tuua m\u00e4\u00e4ratud muutujatesse.\r\n\u0424\u0443\u043d\u043a\u0446\u0438\u044f PHP, \u043a\u043e\u0442\u043e\u0440\u0430\u044f \u0441\u0432\u044f\u0437\u044b\u0432\u0430\u0435\u0442 \u043f\u0435\u0440\u0435\u043c\u0435\u043d\u043d\u044b\u0435 \u0441 \u0440\u0435\u0437\u0443\u043b\u044c\u0442\u0430\u0442\u0430\u043c\u0438 \u043f\u043e\u0434\u0433\u043e\u0442\u043e\u0432\u043b\u0435\u043d\u043d\u043e\u0433\u043e \u0437\u0430\u043f\u0440\u043e\u0441\u0430, \u043f\u043e\u0437\u0432\u043e\u043b\u044f\u044f \u0438\u0437\u0432\u043b\u0435\u043a\u0430\u0442\u044c \u0440\u0435\u0437\u0443\u043b\u044c\u0442\u0430\u0442\u044b \u0432 \u0443\u043a\u0430\u0437\u0430\u043d\u043d\u044b\u0435 \u043f\u0435\u0440\u0435\u043c\u0435\u043d\u043d\u044b\u0435.<\/div><div class=\"term\"><strong>Body<\/strong> (<a href=\"?terms-tag=36\">HTML<\/a>) - HTML lehe sisu, mida n\u00e4eb kasutaja ja mida n\u00e4itab veebi-lehitseja.\r\n\r\nN\u00e4ide - &lt;body&gt;&lt;\/body&gt;, body {omadus}<\/div><div class=\"term\"><strong>CI (Continuous Integration)<\/strong>  - Continuous Integration is a workplace process for example in which you have a repository that a lot of workers can contribute to and work on continuously.\r\nPidev Integreerimine on n\u00e4iteks t\u00f6\u00f6koha protsess, kus teil on hoidla, kuhu paljud t\u00f6\u00f6tajad saavad panustada ja mille kallal pidevalt t\u00f6\u00f6tada.\r\n\u041d\u0435\u043f\u0440\u0435\u0440\u044b\u0432\u043d\u0430\u044f \u0418\u043d\u0442\u0435\u0433\u0440\u0430\u0446\u0438\u044f \u2014 \u044d\u0442\u043e \u043f\u0440\u043e\u0446\u0435\u0441\u0441 \u043d\u0430 \u0440\u0430\u0431\u043e\u0447\u0435\u043c \u043c\u0435\u0441\u0442\u0435, \u0432 \u043a\u043e\u0442\u043e\u0440\u043e\u043c \u0443 \u0432\u0430\u0441 \u0435\u0441\u0442\u044c \u0440\u0435\u043f\u043e\u0437\u0438\u0442\u043e\u0440\u0438\u0439, \u0432 \u043a\u043e\u0442\u043e\u0440\u044b\u0439 \u043c\u043d\u043e\u0436\u0435\u0441\u0442\u0432\u043e \u0440\u0430\u0431\u043e\u0442\u043d\u0438\u043a\u043e\u0432 \u043c\u043e\u0433\u0443\u0442 \u0432\u043d\u043e\u0441\u0438\u0442\u044c \u0441\u0432\u043e\u0439 \u0432\u043a\u043b\u0430\u0434 \u0438 \u043d\u0430\u0434 \u043a\u043e\u0442\u043e\u0440\u044b\u043c \u043e\u043d\u0438 \u043c\u043e\u0433\u0443\u0442 \u0440\u0430\u0431\u043e\u0442\u0430\u0442\u044c \u043d\u0435\u043f\u0440\u0435\u0440\u044b\u0432\u043d\u043e.<\/div><div class=\"term\"><strong>Class<\/strong> (<a href=\"?terms-tag=37\">CSS<\/a>, <a href=\"?terms-tag=36\">HTML<\/a>) - HTML atribuut (omadus), mis m\u00e4\u00e4rab elementide r\u00fchm. P\u00e4rast saab kasutada CSS'is ja m\u00e4\u00e4rata konkreetse class'iga omadused. Klassinimi saab kasutada mitu korda.\r\n\r\nN\u00e4ide - HTML: &lt;div class=\"container\"&gt;&lt;\/div&gt;, CSS: .container {}<\/div><div class=\"term\"><strong>Code refactoring<\/strong>  - Code refactoring is a process of remaking\/reformatting code without changing its outcome (and\/or changing its outcome to be more desired for an usecase).\r\nKoodi \u00fcmberkujundamine on koodi \u00fcmbertegemise\/vormindamise protsess ilma selle tulemust muutmata (ja\/v\u00f5i muutmata selle tulemust kasutusjuhtumi jaoks soovitavamaks).\r\n\u0420\u0435\u0444\u0430\u043a\u0442\u043e\u0440\u0438\u043d\u0433 \u043a\u043e\u0434\u0430 \u2014 \u044d\u0442\u043e \u043f\u0440\u043e\u0446\u0435\u0441\u0441 \u043f\u0435\u0440\u0435\u0440\u0430\u0431\u043e\u0442\u043a\u0438\/\u043f\u0435\u0440\u0435\u0444\u043e\u0440\u043c\u0430\u0442\u0438\u0440\u043e\u0432\u0430\u043d\u0438\u044f \u043a\u043e\u0434\u0430 \u0431\u0435\u0437 \u0438\u0437\u043c\u0435\u043d\u0435\u043d\u0438\u044f \u0435\u0433\u043e \u0440\u0435\u0437\u0443\u043b\u044c\u0442\u0430\u0442\u0430 (\u0438\/\u0438\u043b\u0438 \u0438\u0437\u043c\u0435\u043d\u0435\u043d\u0438\u044f \u0435\u0433\u043e \u0440\u0435\u0437\u0443\u043b\u044c\u0442\u0430\u0442\u0430 \u0432 \u0441\u0442\u043e\u0440\u043e\u043d\u0443 \u0431\u043e\u043b\u044c\u0448\u0435\u0439 \u0436\u0435\u043b\u0430\u0442\u0435\u043b\u044c\u043d\u043e\u0441\u0442\u0438 \u0434\u043b\u044f \u043a\u043e\u043d\u043a\u0440\u0435\u0442\u043d\u043e\u0433\u043e \u0432\u0430\u0440\u0438\u0430\u043d\u0442\u0430 \u0438\u0441\u043f\u043e\u043b\u044c\u0437\u043e\u0432\u0430\u043d\u0438\u044f).<\/div><div class=\"term\"><strong>Compiler<\/strong>  - Compiler is a translation layer that translates one language into an another. Compiler also checks for errors that could be found in code.\r\nKompilaator on t\u00f5lkekiht, mis t\u00f5lgib \u00fche keele teise. Kompilaator kontrollib ka koodis leiduvaid vigu.\r\n\u041a\u043e\u043c\u043f\u0438\u043b\u044f\u0442\u043e\u0440 \u2014 \u044d\u0442\u043e \u0441\u043b\u043e\u0439 \u043f\u0435\u0440\u0435\u0432\u043e\u0434\u0430, \u043a\u043e\u0442\u043e\u0440\u044b\u0439 \u043f\u0435\u0440\u0435\u0432\u043e\u0434\u0438\u0442 \u043e\u0434\u0438\u043d \u044f\u0437\u044b\u043a \u043d\u0430 \u0434\u0440\u0443\u0433\u043e\u0439. \u041a\u043e\u043c\u043f\u0438\u043b\u044f\u0442\u043e\u0440 \u0442\u0430\u043a\u0436\u0435 \u043f\u0440\u043e\u0432\u0435\u0440\u044f\u0435\u0442 \u043d\u0430\u043b\u0438\u0447\u0438\u0435 \u043e\u0448\u0438\u0431\u043e\u043a, \u043a\u043e\u0442\u043e\u0440\u044b\u0435 \u043c\u043e\u0433\u0443\u0442 \u0431\u044b\u0442\u044c \u043d\u0430\u0439\u0434\u0435\u043d\u044b \u0432 \u043a\u043e\u0434\u0435.<\/div><\/div><div class=\"td-pagination\"><span aria-current=\"page\" class=\"page-numbers current\">1<\/span>\n<a class=\"page-numbers\" href=\"?page_terms=2\">2<\/a>\n<a class=\"page-numbers\" href=\"?page_terms=3\">3<\/a>\n<span class=\"page-numbers dots\">&hellip;<\/span>\n<a class=\"page-numbers\" href=\"?page_terms=5\">5<\/a><\/div><\/div>\n\n\n\n<p><a href=\"https:\/\/vladislavkudriashev23.thkit.ee\/WP\/inglise-eesti-vene-terminid\/?terms-tag=36\">HTML<\/a><\/p>\n\n\n\n<p><a href=\"https:\/\/vladislavkudriashev23.thkit.ee\/WP\/inglise-eesti-vene-terminid\/?terms-tag=37\">CSS<\/a><\/p>\n\n\n\n<p><a href=\"https:\/\/vladislavkudriashev23.thkit.ee\/WP\/inglise-eesti-vene-terminid\/?terms-tag=38\">JavaScript<\/a><\/p>\n\n\n\n<p><a href=\"https:\/\/vladislavkudriashev23.thkit.ee\/WP\/inglise-eesti-vene-terminid\/?terms-tag=39\">PHP<\/a><\/p>\n\n\n\n<p><a href=\"https:\/\/vladislavkudriashev23.thkit.ee\/WP\/inglise-eesti-vene-terminid\/?terms-tag=58\">CASE vahendid<\/a><\/p>\n\n\n\n<p><\/p>\n","protected":false},"excerpt":{"rendered":"<p>HTML CSS JavaScript PHP CASE vahendid<\/p>\n","protected":false},"author":1,"featured_media":0,"parent":0,"menu_order":0,"comment_status":"closed","ping_status":"closed","template":"","meta":{"footnotes":""},"class_list":["post-1489","page","type-page","status-publish","hentry"],"_links":{"self":[{"href":"https:\/\/vladislavkudriashev23.thkit.ee\/WP\/wp-json\/wp\/v2\/pages\/1489","targetHints":{"allow":["GET"]}}],"collection":[{"href":"https:\/\/vladislavkudriashev23.thkit.ee\/WP\/wp-json\/wp\/v2\/pages"}],"about":[{"href":"https:\/\/vladislavkudriashev23.thkit.ee\/WP\/wp-json\/wp\/v2\/types\/page"}],"author":[{"embeddable":true,"href":"https:\/\/vladislavkudriashev23.thkit.ee\/WP\/wp-json\/wp\/v2\/users\/1"}],"replies":[{"embeddable":true,"href":"https:\/\/vladislavkudriashev23.thkit.ee\/WP\/wp-json\/wp\/v2\/comments?post=1489"}],"version-history":[{"count":9,"href":"https:\/\/vladislavkudriashev23.thkit.ee\/WP\/wp-json\/wp\/v2\/pages\/1489\/revisions"}],"predecessor-version":[{"id":1855,"href":"https:\/\/vladislavkudriashev23.thkit.ee\/WP\/wp-json\/wp\/v2\/pages\/1489\/revisions\/1855"}],"wp:attachment":[{"href":"https:\/\/vladislavkudriashev23.thkit.ee\/WP\/wp-json\/wp\/v2\/media?parent=1489"}],"curies":[{"name":"wp","href":"https:\/\/api.w.org\/{rel}","templated":true}]}}