{"id":1448,"date":"2024-11-04T06:41:28","date_gmt":"2024-11-04T06:41:28","guid":{"rendered":"https:\/\/vladislavkudriashev23.thkit.ee\/WP\/?page_id=1448"},"modified":"2024-11-04T07:04:27","modified_gmt":"2024-11-04T07:04:27","slug":"php","status":"publish","type":"page","link":"https:\/\/vladislavkudriashev23.thkit.ee\/WP\/php\/","title":{"rendered":"PHP"},"content":{"rendered":"\n<p><strong>PHP<\/strong> &#8211; PHP: Hypertext Preprocessor (algselt Personal Home Page):<\/p>\n\n\n\n<p>Skriptikeel &#8211; skript teeb oma t\u00f6\u00f6d p\u00e4rast seda, kui toimus mingi s\u00fcndmus;<\/p>\n\n\n\n<p>Serveripoolne keel;<\/p>\n\n\n\n<p>Platvormist s\u00f5ltumatu;<\/p>\n\n\n\n<p>Saab kasutada nii HTMLi sees (HTML embedded), kui ka eraldiseisvana skriptina.<\/p>\n\n\n\n<p>PHP on loonud Rasmus Lerdorf aastal 1994.<\/p>\n\n\n\n<p class=\"has-large-font-size\"><strong>PHP s\u00fcntaks<\/strong><\/p>\n\n\n\n<p>K\u00f5ik PHP kood kirjutatakse &lt;?php ja ?> tag&#8217;ide vahele.<\/p>\n\n\n\n<p>Iga koodi rida tuleb l\u00f5petada &#8220;;&#8221; m\u00e4rgiga.<\/p>\n\n\n\n<p>Teksti v\u00e4ljastamiseks on kaks p\u00f5hiavaldust:<\/p>\n\n\n\n<ol class=\"wp-block-list\">\n<li>echo<\/li>\n\n\n\n<li>print<\/li>\n<\/ol>\n\n\n\n<p>Muutujad:<\/p>\n\n\n\n<ul class=\"wp-block-list\">\n<li>algavad &#8220;$&#8221; m\u00e4rgiga, nt. $muutuja1;<\/li>\n\n\n\n<li>muutuju nimi peab algama kirjat\u00e4hega v\u00f5i alamkriipsuga;<\/li>\n\n\n\n<li>muutuja v\u00f5ib koosneda ainult kirjat\u00e4htedest, numbridest ja alamkriipsutest.<\/li>\n<\/ul>\n\n\n\n<p>Kommentaarid:<\/p>\n\n\n\n<p>\/\/ v\u00f5i \/* ja *\/<\/p>\n\n\n\n<p class=\"has-large-font-size\"><strong>PHP plussid<\/strong><\/p>\n\n\n\n<ul class=\"wp-block-list\">\n<li>Lihtne \u00f5ppida<\/li>\n\n\n\n<li>Keel pidevalt areneb<\/li>\n\n\n\n<li>Palju n\u00e4iteid ja valmiskoodi<\/li>\n\n\n\n<li>Palju laiendusi<\/li>\n<\/ul>\n\n\n\n<p class=\"has-large-font-size\"><strong>PHP miinused<\/strong><\/p>\n\n\n\n<ol class=\"wp-block-list\">\n<li>Ei n\u00f5uta muutujate deklareerimist enne muutujate v\u00e4\u00e4rtustamist<\/li>\n\n\n\n<li>Muutujad pole piiratud oma t\u00fc\u00fcbiga &#8211; muutujat &#8220;$i&#8221; saab v\u00e4\u00e4rtustada t\u00e4isarvuga, siis v\u00e4\u00e4rtustada s\u00f5nega ning p\u00e4rast veel v\u00e4\u00e4rtustada andmete massiiviga<\/li>\n\n\n\n<li>Funktsioonide\/metoodite \u00fclelaadimine pole lubatud<\/li>\n\n\n\n<li>T\u00fc\u00fcbi kontroll pole range (tuleb kasutada ===)<\/li>\n<\/ol>\n","protected":false},"excerpt":{"rendered":"<p>PHP &#8211; PHP: Hypertext Preprocessor (algselt Personal Home Page): Skriptikeel &#8211; skript teeb oma t\u00f6\u00f6d p\u00e4rast seda, kui toimus mingi s\u00fcndmus; Serveripoolne keel; Platvormist s\u00f5ltumatu; Saab kasutada nii HTMLi sees (HTML embedded), kui ka eraldiseisvana skriptina. PHP on loonud Rasmus Lerdorf aastal 1994. PHP s\u00fcntaks K\u00f5ik PHP kood kirjutatakse &lt;?php ja ?> tag&#8217;ide vahele. Iga [&hellip;]<\/p>\n","protected":false},"author":1,"featured_media":0,"parent":0,"menu_order":0,"comment_status":"closed","ping_status":"closed","template":"","meta":{"footnotes":""},"class_list":["post-1448","page","type-page","status-publish","hentry"],"_links":{"self":[{"href":"https:\/\/vladislavkudriashev23.thkit.ee\/WP\/wp-json\/wp\/v2\/pages\/1448","targetHints":{"allow":["GET"]}}],"collection":[{"href":"https:\/\/vladislavkudriashev23.thkit.ee\/WP\/wp-json\/wp\/v2\/pages"}],"about":[{"href":"https:\/\/vladislavkudriashev23.thkit.ee\/WP\/wp-json\/wp\/v2\/types\/page"}],"author":[{"embeddable":true,"href":"https:\/\/vladislavkudriashev23.thkit.ee\/WP\/wp-json\/wp\/v2\/users\/1"}],"replies":[{"embeddable":true,"href":"https:\/\/vladislavkudriashev23.thkit.ee\/WP\/wp-json\/wp\/v2\/comments?post=1448"}],"version-history":[{"count":15,"href":"https:\/\/vladislavkudriashev23.thkit.ee\/WP\/wp-json\/wp\/v2\/pages\/1448\/revisions"}],"predecessor-version":[{"id":1471,"href":"https:\/\/vladislavkudriashev23.thkit.ee\/WP\/wp-json\/wp\/v2\/pages\/1448\/revisions\/1471"}],"wp:attachment":[{"href":"https:\/\/vladislavkudriashev23.thkit.ee\/WP\/wp-json\/wp\/v2\/media?parent=1448"}],"curies":[{"name":"wp","href":"https:\/\/api.w.org\/{rel}","templated":true}]}}