{"id":26,"date":"2023-10-02T14:15:09","date_gmt":"2023-10-02T11:15:09","guid":{"rendered":"https:\/\/vladislavkudr.wordpress.com\/?page_id=26"},"modified":"2024-10-14T06:54:14","modified_gmt":"2024-10-14T06:54:14","slug":"tabeliarvutus","status":"publish","type":"page","link":"https:\/\/vladislavkudriashev23.thkit.ee\/WP\/en-us\/tabeliarvutus\/","title":{"rendered":"Tabeliarvutus"},"content":{"rendered":"\n<p><strong>\u041e\u0442\u043d\u043e\u0441\u0438\u0442\u0435\u043b\u044c\u043d\u044b\u0439 \u0430\u0434\u0440\u0435\u0441 \u044f\u0447\u0435\u0439\u043a\u0438<\/strong> &#8211; \u043d\u0430\u043f\u0440\u0438\u043c\u0435\u0440 A1 &#8211; \u043f\u0440\u0438 \u0430\u0432\u0442\u043e\u043a\u043e\u043f\u0438\u0440\u043e\u0432\u0430\u043d\u0438\u0438 \u044f\u0447\u0435\u0439\u043a\u0438 \u0438\u0437\u043c\u0435\u043d\u044f\u0435\u0442 \u0441\u0432\u043e\u0439 \u0430\u0434\u0440\u0435\u0441 A2, A3 \u0438 \u0442.\u0434.<\/p>\n\n\n\n<p><strong>\u0410\u0431\u0441\u043e\u043b\u044e\u0442\u043d\u044b\u0439 \u0430\u0434\u0440\u0435\u0441 \u044f\u0447\u0435\u0439\u043a\u0438<\/strong> &#8211; \u043d\u0430\u043f\u0440\u0438\u043c\u0435\u0440 $A$1 &#8211; \u043d\u0435 \u043c\u0435\u043d\u044f\u0435\u0442 \u0441\u0432\u043e\u0439 \u0430\u0434\u0440\u0435\u0441 \u043f\u0440\u0438 \u0430\u0432\u0442\u043e\u043a\u043e\u043f\u0438\u0440\u043e\u0432\u0430\u043d\u0438\u0438 (F4 &#8211; \u0447\u0442\u043e\u0431\u044b \u0432\u043a\u043b\u044e\u0447\u0438\u0442\u044c).<\/p>\n\n\n\n<p>VEAD &#8211; \u041e\u0448\u0438\u0431\u043a\u0438<\/p>\n\n\n\n<figure class=\"wp-block-table\"><table><thead><tr><th>\u041a\u043e\u0434<\/th><th>\u041e\u043f\u0438\u0441\u0430\u043d\u0438\u0435<\/th><\/tr><\/thead><tbody><tr><td>####<\/td><td>\u041d\u0435 \u0445\u0432\u0430\u0442\u0430\u0435\u0442 \u043c\u0435\u0441\u0442\u0430 \u0432 \u044f\u0447\u0435\u0439\u043a\u0435 &#8211; \u0440\u0430\u0441\u0448\u0438\u0440\u0438\u0442\u044c \u0448\u0438\u0440\u0438\u043d\u0443 \u0441\u0442\u043e\u043b\u0431\u0446\u0430.<\/td><\/tr><tr><td>#DIV\/0!<\/td><td>\u041d\u0435\u043b\u044c\u0437\u044f \u0434\u0435\u043b\u0438\u0442\u044c \u043d\u0430 \u043d\u043e\u043b\u044c!<\/td><\/tr><tr><td><\/td><td><\/td><\/tr><tr><td><\/td><td><\/td><\/tr><tr><td><\/td><td><\/td><\/tr><tr><td><\/td><td><\/td><\/tr><tr><td><\/td><td><\/td><\/tr><tr><td><\/td><td><\/td><\/tr><\/tbody><\/table><\/figure>\n\n\n\n<p>FUNKTSIOONID<\/p>\n\n\n\n<figure class=\"wp-block-table\"><table><tbody><tr><td>=SUM()<\/td><td>Summeerib &#8211; Liidab kokku.<\/td><\/tr><tr><td>=AVERAGE()<\/td><td>Leiab keskmine v\u00e4\u00e4rtus.<\/td><\/tr><tr><td>=MAX()<\/td><td>Leiab k\u00f5ige suurema arvu.<\/td><\/tr><tr><td>=MIN()<\/td><td>Leiab k\u00f5ige v\u00e4iksema arvu.<\/td><\/tr><tr><td>=COUNT()<\/td><td>Loeb kokku arvudega lahtrid.<\/td><\/tr><tr><td>=COUNTA()<\/td><td>Loeb kokku k\u00f5ik t\u00e4idetud lahtrid.<\/td><\/tr><tr><td>=COUNTBLANK()<\/td><td>Loeb kokku t\u00fchjad lahtrid.<\/td><\/tr><tr><td>=PRODUCT()<\/td><td>Korrutab k\u00f5ik arvud omavahel.<\/td><\/tr><tr><td>=ROMAN()<\/td><td>Teisendab arvu roomanumbriks.<\/td><\/tr><tr><td>=ROUND()<\/td><td>\u00dcmardab arvud.<\/td><\/tr><tr><td>=TODAY()<\/td><td>T\u00e4nane kuup\u00e4ev (d\u00fcnaamiline, ehk muutub).<\/td><\/tr><tr><td>=NOW()<\/td><td>T\u00e4nane kuup\u00e4ev koos kellaajaga (d\u00fcnaamiline).<\/td><\/tr><tr><td>=MOD(A1;5)=0<\/td><td>A1 jagamisel 5ga j\u00e4\u00e4k on 0.<\/td><\/tr><tr><td>=A1&amp;&#8221; &#8220;&amp;A2<\/td><td>\u00dchendab A1 ja A2 lahtrite sisud.<\/td><\/tr><tr><td>=PROPER()<\/td><td>Iga s\u00f5na esimese t\u00e4ht suurt\u00e4heks.<\/td><\/tr><tr><td>=UPPER()<\/td><td>K\u00f5ik t\u00e4hed suurt\u00e4htedeks.<\/td><\/tr><tr><td>=LOWER()<\/td><td>K\u00f5ik t\u00e4hed v\u00e4iket\u00e4htedeks.<\/td><\/tr><tr><td>=LEFT()<\/td><td>M\u00e4rgid vasakult.<\/td><\/tr><tr><td>=RIGHT()<\/td><td>M\u00e4rgid paremalt.<\/td><\/tr><tr><td>=MID()<\/td><td>M\u00e4rgid s\u00f5na keskelt.<\/td><\/tr><tr><td>=FIND(A1;A2)<\/td><td>Leiab m\u00e4rgi asukoha tekstis.<\/td><\/tr><tr><td>=SUBSTITUTE(A1;A2;A3)<\/td><td>Asendab m\u00e4rgid v\u00f5i s\u00f5nad.<\/td><\/tr><\/tbody><\/table><\/figure>\n","protected":false},"excerpt":{"rendered":"<p>\u041e\u0442\u043d\u043e\u0441\u0438\u0442\u0435\u043b\u044c\u043d\u044b\u0439 \u0430\u0434\u0440\u0435\u0441 \u044f\u0447\u0435\u0439\u043a\u0438 &#8211; \u043d\u0430\u043f\u0440\u0438\u043c\u0435\u0440 A1 &#8211; \u043f\u0440\u0438 \u0430\u0432\u0442\u043e\u043a\u043e\u043f\u0438\u0440\u043e\u0432\u0430\u043d\u0438\u0438 \u044f\u0447\u0435\u0439\u043a\u0438 \u0438\u0437\u043c\u0435\u043d\u044f\u0435\u0442 \u0441\u0432\u043e\u0439 \u0430\u0434\u0440\u0435\u0441 A2, A3 \u0438 \u0442.\u0434. \u0410\u0431\u0441\u043e\u043b\u044e\u0442\u043d\u044b\u0439 \u0430\u0434\u0440\u0435\u0441 \u044f\u0447\u0435\u0439\u043a\u0438 &#8211; \u043d\u0430\u043f\u0440\u0438\u043c\u0435\u0440 $A$1 &#8211; \u043d\u0435 \u043c\u0435\u043d\u044f\u0435\u0442 \u0441\u0432\u043e\u0439 \u0430\u0434\u0440\u0435\u0441 \u043f\u0440\u0438 \u0430\u0432\u0442\u043e\u043a\u043e\u043f\u0438\u0440\u043e\u0432\u0430\u043d\u0438\u0438 (F4 &#8211; \u0447\u0442\u043e\u0431\u044b \u0432\u043a\u043b\u044e\u0447\u0438\u0442\u044c). VEAD &#8211; \u041e\u0448\u0438\u0431\u043a\u0438 \u041a\u043e\u0434 \u041e\u043f\u0438\u0441\u0430\u043d\u0438\u0435 #### \u041d\u0435 \u0445\u0432\u0430\u0442\u0430\u0435\u0442 \u043c\u0435\u0441\u0442\u0430 \u0432 \u044f\u0447\u0435\u0439\u043a\u0435 &#8211; \u0440\u0430\u0441\u0448\u0438\u0440\u0438\u0442\u044c \u0448\u0438\u0440\u0438\u043d\u0443 \u0441\u0442\u043e\u043b\u0431\u0446\u0430. #DIV\/0! \u041d\u0435\u043b\u044c\u0437\u044f \u0434\u0435\u043b\u0438\u0442\u044c \u043d\u0430 \u043d\u043e\u043b\u044c! FUNKTSIOONID [&hellip;]<\/p>\n","protected":false},"author":1,"featured_media":0,"parent":0,"menu_order":0,"comment_status":"closed","ping_status":"closed","template":"","meta":{"footnotes":""},"class_list":["post-26","page","type-page","status-publish","hentry"],"_links":{"self":[{"href":"https:\/\/vladislavkudriashev23.thkit.ee\/WP\/en-us\/wp-json\/wp\/v2\/pages\/26","targetHints":{"allow":["GET"]}}],"collection":[{"href":"https:\/\/vladislavkudriashev23.thkit.ee\/WP\/en-us\/wp-json\/wp\/v2\/pages"}],"about":[{"href":"https:\/\/vladislavkudriashev23.thkit.ee\/WP\/en-us\/wp-json\/wp\/v2\/types\/page"}],"author":[{"embeddable":true,"href":"https:\/\/vladislavkudriashev23.thkit.ee\/WP\/en-us\/wp-json\/wp\/v2\/users\/1"}],"replies":[{"embeddable":true,"href":"https:\/\/vladislavkudriashev23.thkit.ee\/WP\/en-us\/wp-json\/wp\/v2\/comments?post=26"}],"version-history":[{"count":1,"href":"https:\/\/vladislavkudriashev23.thkit.ee\/WP\/en-us\/wp-json\/wp\/v2\/pages\/26\/revisions"}],"predecessor-version":[{"id":1195,"href":"https:\/\/vladislavkudriashev23.thkit.ee\/WP\/en-us\/wp-json\/wp\/v2\/pages\/26\/revisions\/1195"}],"wp:attachment":[{"href":"https:\/\/vladislavkudriashev23.thkit.ee\/WP\/en-us\/wp-json\/wp\/v2\/media?parent=26"}],"curies":[{"name":"wp","href":"https:\/\/api.w.org\/{rel}","templated":true}]}}