{"id":1216,"date":"2024-10-23T07:59:12","date_gmt":"2024-10-23T07:59:12","guid":{"rendered":"https:\/\/vladislavkudriashev23.thkit.ee\/WP\/en-us\/?page_id=1216"},"modified":"2024-10-23T07:59:12","modified_gmt":"2024-10-23T07:59:12","slug":"js-forms","status":"publish","type":"page","link":"https:\/\/vladislavkudriashev23.thkit.ee\/WP\/en-us\/js-forms\/","title":{"rendered":"JS Forms"},"content":{"rendered":"\n<body>\n<form action=\"\">\n    <fieldset>\n        <legend><h2>K\u00fcsimustik<\/h2><\/legend>\n        <table>\n            <tr>\n                <td>\n                    <label for=\"color\"><strong>Vali oma v\u00e4rv:<\/strong><\/label>\n                <\/td>\n                <td>\n                    <input type=\"color\" id=\"color\">\n                <\/td>\n                <td>\n                <\/td>\n            <\/tr>\n            <!--tekstkast-->\n            <tr>\n                <td>\n                    <label for=\"nimi\"><strong>Sisesta oma nimi:<\/strong><\/label>\n                <\/td>\n                <td>\n                    <input type=\"text\" name=\"Nimi\" id=\"nimi\" placeholder=\"Eesnimi\">\n                <\/td>\n                <td>\n                    <input type=\"button\" value=\"OK\" onclick=\"vastus1()\">\n                    <div id=\"vastus1\"><\/div>\n                <\/td>\n            <\/tr>\n            <!--sunnipaev-->\n            <tr>\n                <td>\n                    <label for=\"sunnipaev\"><strong>Sisesta oma s\u00fcnnipaev:<\/strong><\/label>\n                <\/td>\n                <td>\n                    <input type=\"date\" name=\"Sunnipaev\" id=\"sunnipaev\">\n                <\/td>\n                <td>\n                    <input type=\"button\" value=\"OK\" onclick=\"vastus2()\">\n                    <div id=\"vastus2\"><\/div>\n                <\/td>\n            <\/tr>\n            <!--radio nupp-->\n            <tr>\n                <td>\n                    <strong>Vali oma r\u00fchm: <\/strong>\n                <\/td>\n                <td>\n                    <label for=\"tarpv23\">TARpv23<\/label>\n                    <input type=\"radio\" name=\"ruhm\" id=\"tarpv23\" value=\"TARpv23\">\n                    <br>\n                    <label for=\"tarpv24\">TARpv24<\/label>\n                    <input type=\"radio\" name=\"ruhm\" id=\"tarpv24\" value=\"TARpv24\">\n                    <br>\n                    <label for=\"logitpv23\">LOGITpv23<\/label>\n                    <input type=\"radio\" name=\"ruhm\" id=\"logitpv23\" value=\"LOGITpv23\">\n                    <br>\n                    <label for=\"logitpv24\">LOGITpv24<\/label>\n                    <input type=\"radio\" name=\"ruhm\" id=\"logitpv24\" value=\"LOGITpv24\">\n                <\/td>\n                <td>\n                    <input type=\"button\" value=\"OK\" onclick=\"vastus3()\">\n                    <div id=\"vastus3\"><\/div>\n                <\/td>\n            <\/tr>\n            <!--valikud checkbox-->\n            <tr>\n                <td>\n                    <strong>Vali keeled sa oled \u00f5ppinud:<\/strong>\n                <\/td>\n                <td id=\"background\">\n                    <label for=\"python\">Python<\/label>\n                    <input type=\"checkbox\" name=\"teema\" id=\"python\" value=\"Python\">\n                    <br>\n                    <label for=\"csharp\">C#<\/label>\n                    <input type=\"checkbox\" name=\"teema\" id=\"csharp\" value=\"C#\">\n                    <br>\n                    <label for=\"html\">HTML<\/label>\n                    <input type=\"checkbox\" name=\"teema\" id=\"html\" value=\"HTML\">\n                    <br>\n                    <label for=\"css\">CSS<\/label>\n                    <input type=\"checkbox\" name=\"teema\" id=\"css\" value=\"CSS\">\n                <\/td>\n                <td>\n                    <input type=\"button\" value=\"OK\" onclick=\"vastus4()\">\n                    <div id=\"vastus4\"><\/div>\n                <\/td>\n            <\/tr>\n            <!--select-->\n            <tr>\n                <td>\n                    <label for=\"linn\"><strong>Vali oma elukoht:<\/strong><\/label>\n                <\/td>\n                <td>\n                    <select name=\"linnad\" id=\"linn\">\n                        <option value=\"Vali...\" id=\"vali\">Vali&#8230;<\/option>\n                        <option value=\"Tallinn\" id=\"tallinn\">Tallinn<\/option>\n                        <option value=\"Narva\" id=\"narva\">Narva<\/option>\n                        <option value=\"Tartu\" id=\"tartu\">Tartu<\/option>\n                        <option value=\"P\u00e4rnu\" id=\"parnu\">P\u00e4rnu<\/option>\n                    <\/select>\n                <\/td>\n                <td>\n                    <input type=\"button\" value=\"OK\" onclick=\"vastus5()\">\n                    <div id=\"vastus5\"><\/div>\n                <\/td>\n            <\/tr>\n            <!--textarea-->\n            <tr>\n                <td>\n                    <label for=\"kirjeldus\"><strong>Kirjuta natuke endast:<\/strong><\/label>\n                <\/td>\n                <td>\n                    <textarea name=\"kirjeldus\" id=\"kirjeldus\"><\/textarea>\n                <\/td>\n                <td>\n                    <input type=\"button\" value=\"OK\" onclick=\"vastus6()\">\n                    <div id=\"vastus6\"><\/div>\n                <\/td>\n            <\/tr>\n            <!--range-->\n            <tr>\n                <td>\n                    <label for=\"ulatus\"><strong>Hinda seda k\u00fcsimustikku k\u00fcmnest:<\/strong><\/label>\n                <\/td>\n                <td>\n                    <input type=\"range\" min=\"1\" max=\"10\" value=\"5\" id=\"ulatus\">\n                <\/td>\n                <td>\n                    <input type=\"button\" value=\"OK\" onclick=\"vastus7()\">\n                    <div id=\"vastus7\"><\/div>\n                <\/td>\n            <\/tr>\n        <\/table>\n    <\/fieldset>\n<\/form>\n<\/body>\n\n\n\n<script>\nfunction vastus1() {\n    let nimi = document.getElementById(\"nimi\");\n    let vastus1 = document.getElementById(\"vastus1\");\n    let color = document.getElementById(\"color\").value;\n\n    vastus1.style.color = color;\n    vastus1.innerHTML = 'Teie nimi: ' + nimi.value;\n}\n\nfunction vastus2() {\n    let sunnipaev = document.getElementById(\"sunnipaev\");\n    let vastus2 = document.getElementById(\"vastus2\");\n    let color = document.getElementById(\"color\").value;\n    vastus2.style.color = color;\n    vastus2.innerHTML = 'Teie s\u00fcnnip\u00e4ev: ' + sunnipaev.value;\n}\n\nfunction vastus3() {\n    let tarpv23 = document.getElementById(\"tarpv23\");\n    let tarpv24 = document.getElementById(\"tarpv24\");\n    let logitpv23 = document.getElementById(\"logitpv23\");\n    let logitpv24 = document.getElementById(\"logitpv24\");\n    let vastus3 = document.getElementById(\"vastus3\");\n    let color = document.getElementById(\"color\").value;\n\n    var ruhm;\n    if (tarpv23.checked) {\n        ruhm = tarpv23.value;\n    }\n    else if (tarpv24.checked) {\n        ruhm = tarpv24.value;\n    }\n    else if (logitpv23.checked) {\n        ruhm = logitpv23.value;\n    }\n    else if (logitpv24.checked) {\n        ruhm = logitpv24.value;\n    }\n    else\n    {\n        ruhm = '';\n    }\n\n    vastus3.style.color = color;\n    vastus3.innerHTML = 'Teie r\u00fchm: ' + ruhm;\n}\n\nfunction vastus4() {\n    let python = document.getElementById(\"python\");\n    let csharp = document.getElementById(\"csharp\");\n    let html = document.getElementById(\"html\");\n    let css = document.getElementById(\"css\");\n    let vastus4 = document.getElementById(\"vastus4\");\n    let color = document.getElementById(\"color\").value;\n    let background = document.getElementById(\"background\");\n\n    var keel = '';\n    var pildid = [];\n\n    if (python.checked) {\n        if (!(csharp.checked || html.checked || css.checked)) {\n            keel += python.value;\n        }\n        else {\n            keel += python.value + ', ';\n        }\n        pildid.push('url(https:\/\/upload.wikimedia.org\/wikipedia\/commons\/c\/c3\/Python-logo-notext.svg)');\n    }\n    if (csharp.checked) {\n        if (!(html.checked || css.checked)) {\n            keel += csharp.value;\n        }\n        else {\n            keel += csharp.value + ', ';\n        }\n        pildid.push('url(https:\/\/upload.wikimedia.org\/wikipedia\/commons\/d\/d2\/C_Sharp_Logo_2023.svg)');\n    }\n    if (html.checked) {\n        if (!css.checked) {\n            keel += html.value;\n        }\n        else {\n            keel += html.value + ', ';\n        }\n        pildid.push('url(https:\/\/upload.wikimedia.org\/wikipedia\/commons\/6\/61\/HTML5_logo_and_wordmark.svg)');\n    }\n    if (css.checked) {\n        keel += css.value;\n        pildid.push('url(https:\/\/upload.wikimedia.org\/wikipedia\/commons\/d\/d5\/CSS3_logo_and_wordmark.svg)');\n    }\n\n    background.style.backgroundImage = pildid.join(', ');\n\n    vastus4.style.color = color;\n    vastus4.innerHTML = 'Teie keel\/keeled: ' + keel;\n}\n\n\nfunction vastus5() {\n    let linn = document.getElementById(\"linn\");\n    let vastus5 = document.getElementById(\"vastus5\");\n    let color = document.getElementById(\"color\").value;\n\n    vastus5.style.color = color;\n    vastus5.innerHTML = 'Teie elukoht: ' + linn.value;\n}\n\nfunction vastus6() {\n    let kirjeldus = document.getElementById(\"kirjeldus\");\n    let vastus6 = document.getElementById(\"vastus6\");\n    let color = document.getElementById(\"color\").value;\n\n    vastus6.style.color = color;\n    vastus6.innerHTML = 'Teie kirjeldus: ' + kirjeldus.value;\n}\n\nfunction vastus7() {\n    let ulatus = document.getElementById(\"ulatus\");\n    let vastus7 = document.getElementById(\"vastus7\");\n    let color = document.getElementById(\"color\").value;\n\n    vastus7.style.color = color;\n    vastus7.innerHTML = 'Teie hinne: ' + ulatus.value;\n}\n<\/script>\n\n\n\n<style>\ntable {\n    border: 1px solid gray;\n    border-collapse: collapse;\n}\ntable td {\n    border: 1px solid gray;\n    padding: 5px;\n}\n\ntable tr:nth-child(5) td:nth-child(2) {\n    background-repeat: no-repeat;\n    background-position: right top, right center, right bottom, center;\n    background-size: 25%;\n    height: 150px;\n    width: 150px;\n}\n<\/style>\n","protected":false},"excerpt":{"rendered":"<p>K\u00fcsimustik Vali oma v\u00e4rv: Sisesta oma nimi: Sisesta oma s\u00fcnnipaev: Vali oma r\u00fchm: TARpv23 TARpv24 LOGITpv23 LOGITpv24 Vali keeled sa oled \u00f5ppinud: Python C# HTML CSS Vali oma elukoht: Vali&#8230;TallinnNarvaTartuP\u00e4rnu Kirjuta natuke endast: Hinda seda k\u00fcsimustikku k\u00fcmnest:<\/p>\n","protected":false},"author":1,"featured_media":0,"parent":0,"menu_order":0,"comment_status":"closed","ping_status":"closed","template":"","meta":{"footnotes":""},"class_list":["post-1216","page","type-page","status-publish","hentry"],"_links":{"self":[{"href":"https:\/\/vladislavkudriashev23.thkit.ee\/WP\/en-us\/wp-json\/wp\/v2\/pages\/1216","targetHints":{"allow":["GET"]}}],"collection":[{"href":"https:\/\/vladislavkudriashev23.thkit.ee\/WP\/en-us\/wp-json\/wp\/v2\/pages"}],"about":[{"href":"https:\/\/vladislavkudriashev23.thkit.ee\/WP\/en-us\/wp-json\/wp\/v2\/types\/page"}],"author":[{"embeddable":true,"href":"https:\/\/vladislavkudriashev23.thkit.ee\/WP\/en-us\/wp-json\/wp\/v2\/users\/1"}],"replies":[{"embeddable":true,"href":"https:\/\/vladislavkudriashev23.thkit.ee\/WP\/en-us\/wp-json\/wp\/v2\/comments?post=1216"}],"version-history":[{"count":1,"href":"https:\/\/vladislavkudriashev23.thkit.ee\/WP\/en-us\/wp-json\/wp\/v2\/pages\/1216\/revisions"}],"predecessor-version":[{"id":1217,"href":"https:\/\/vladislavkudriashev23.thkit.ee\/WP\/en-us\/wp-json\/wp\/v2\/pages\/1216\/revisions\/1217"}],"wp:attachment":[{"href":"https:\/\/vladislavkudriashev23.thkit.ee\/WP\/en-us\/wp-json\/wp\/v2\/media?parent=1216"}],"curies":[{"name":"wp","href":"https:\/\/api.w.org\/{rel}","templated":true}]}}